{"id":9520,"date":"2022-10-06T17:43:36","date_gmt":"2022-10-06T15:43:36","guid":{"rendered":"https:\/\/lfia.agencebisart.com\/?page_id=9520"},"modified":"2023-01-16T16:34:12","modified_gmt":"2023-01-16T15:34:12","slug":"contactez-nous","status":"publish","type":"page","link":"https:\/\/www.lfianvers.org\/fr\/contactez-nous\/","title":{"rendered":"Contactez-nous"},"content":{"rendered":"<p><!-- Bloc small header --><\/p>\n<p>\t\t\t\t<!-- avec ou sans CTA : m\u00eame code, \u00e7a centre verticalement le texte --><\/p>\n<div class=\"smallheader\" id=\"bloc_small_header5\">\n<style type=\"text\/css\">\n\t\t\t\t\t\t\t#bloc_small_header5 {background-image: url(https:\/\/www.lfianvers.org\/wp-content\/uploads\/2022\/10\/221010-LFIA-Classrooms-94-610x270.jpg);}\n\t\t\t\t\t\t\t@media (min-width: 480px) {\t#bloc_small_header5 {background-image: url(https:\/\/www.lfianvers.org\/wp-content\/uploads\/2022\/10\/221010-LFIA-Classrooms-94-610x270.jpg);}}\n\t\t\t\t\t\t\t@media (min-width: 768px) {\t#bloc_small_header5 {background-image: url(https:\/\/www.lfianvers.org\/wp-content\/uploads\/2022\/10\/221010-LFIA-Classrooms-94-1024x684.jpg);}}\n\t\t\t\t\t\t\t@media (min-width: 992px) { #bloc_small_header5 {background-image: url(https:\/\/www.lfianvers.org\/wp-content\/uploads\/2022\/10\/221010-LFIA-Classrooms-94-1024x684.jpg);}}\n\t\t\t\t\t\t\t@media (min-width: 1200px) { #bloc_small_header5 {background-image: url(https:\/\/www.lfianvers.org\/wp-content\/uploads\/2022\/10\/221010-LFIA-Classrooms-94-1536x1026.jpg);}}\n\t\t\t\t\t\t<\/style>\n<div class=\"container d-flex flex-column justify-content-center align-items-start\">\n<h2><span>Contactez-nous<\/span><\/h2>\n<\/p><\/div>\n<\/p><\/div>\n<p><!-- Bloc formulaire --><\/p>\n<div class=\"container mt-2 mb-2\">\n<div class=\"row justify-content-center\">\n<div class=\"col-12 col-lg-8 \">\n<div class=\"section-form\" id=\"bloc_formulaire_6\">\n<div class=\"container\">\n<div class=\"row justify-content-center\">\n<div class=\"col-12 col-lg-11\">\n<h2>CONTACTEZ-NOUS<\/h2>\n<p class=\"mb-2 mb-md-3\">Les \u00e9quipes sont \u00e0 votre disposition pour r\u00e9pondre \u00e0 toutes vos questions.<\/p>\n<div role=\"form\" class=\"wpcf7\">\n<p>\t\t\t<iframe width='100%' height='700' src='https:\/\/lfanvers.eduka.school\/registration\/frame\/1\/27b9bc02252a?LANG=gb' frameborder=0 border=0 style='border:0; overflow-y: auto;'><\/iframe>\n\t\t\t\t\t\t\t<\/div>\n<\/p><\/div>\n<\/p><\/div>\n<\/p><\/div>\n<\/p><\/div>\n<\/p><\/div>\n<\/p><\/div>\n<\/div>\n<p><!-- Bloc Google Map --><\/p>\n<style>\n<p>.acf-map {\n    width: 100%;\n    height: 400px;\n    border: #ccc solid 1px;\n    margin: 20px 0;\n}<\/p>\n<\/style>\n<div class=\"blocmedia blocmedia--textright blocmedia--color2\" id=\"bloc_gmap_7\">\n<div class=\"container\">\n<div class=\"row\">\n<div class=\"col-12 col-md-6\">\n<p>\t\t\t\t<input type=\"hidden\" name=\"pointeur\" value=\"https:\/\/www.lfianvers.org\/wp-content\/uploads\/2022\/06\/EFI-30x30.png\" ><br \/>\n\t\t\t\t<input type=\"hidden\" name=\"adresse\" value=\"Lamorini\u00e8restraat 168A 2018 Antwerpen\" ><\/p>\n<div class=\"marker\" data-pointeur=\"https:\/\/www.lfianvers.org\/wp-content\/uploads\/2022\/06\/EFI-30x30.png\" data-adresse=\"Lamorini\u00e8restraat 168A 2018 Antwerpen\" data-lat=\"\" data-lng=\"\"><\/div>\n<div class=\"acf-map\" id=\"map_canvas\">\n\t\t\t\t<\/div>\n<\/p><\/div>\n<div class=\"col-12 col-md-5 d-flex flex-column justify-content-center align-items-start mb-2 mb-md-0\">\n<div class=\"text\">\n<h2><span>Lamorini\u00e8restraat 168A 2018 Antwerpen<\/span><\/h2>\n<\/p>\n<p>\t\t\t\t\t\t<!-- Changer la classe de couleur du bouton en fonction de la couleur g\u00e9n\u00e9rale du bloc --><\/p><\/div>\n<\/p><\/div>\n<\/p><\/div>\n<\/p><\/div>\n<\/div>\n<p><script><\/p>\n<p>jQuery(document).ready(function($) {<\/p>\n<p>      function initialize() {<\/p>\n<p>        var myOptions = {zoom: 12,\n\t\t\tmapTypeId: google.maps.MapTypeId.ROADMAP,\n\t\t\tdisableDefaultUI: true, \/\/ a way to quickly hide all controls\n\t\t\tmapTypeControl: false,\n\t\t\tscaleControl: true,\n\t\t\tzoomControl: true};<\/p>\n<p>        var map = new google.maps.Map(document.getElementById('map_canvas'),myOptions);<\/p>\n<p>\t\tvar myMarkerImage = new google.maps.MarkerImage('https:\/\/www.lfianvers.org\/wp-content\/uploads\/2022\/06\/EFI-30x30.png');<\/p>\n<p>\t\tgeocoder = new google.maps.Geocoder();\n\t\tgeocoder.geocode( { 'address': 'Lamorini\u00e8restraat 168A 2018 Antwerpen'}, function(results, status)\n\t\t\t{\n\t\t\t\/* Si l'adresse a pu etre g&eacute;olocalis&eacute;e *\/\n\t\t\tif (status == google.maps.GeocoderStatus.OK) \n\t\t\t\t{\n\t\t\t\tvar position = new google.maps.LatLng(results[0].geometry.location.lat(),results[0].geometry.location.lng());\n\t\t\t\tvar marker_bloc_gmap_7 = new google.maps.Marker({position: position,map: map,icon: myMarkerImage,title:'Lamorini\u00e8restraat 168A 2018 Antwerpen'});<\/p>\n<p>\t\t\t\tvar infowindow_bloc_gmap_7 = new google.maps.InfoWindow({\n\t\t\t\tcontent: 'Lamorini\u00e8restraat 168A 2018 Antwerpen'}); <\/p>\n<p>\t\t\t\tgoogle.maps.event.addListener(marker_bloc_gmap_7, 'click', function() {\n\t\t\t\tinfowindow_bloc_gmap_7.open(marker_bloc_gmap_7.get('map'), marker_bloc_gmap_7);});<\/p>\n<p>\t\t\t\tmap.setCenter(position);<\/p>\n<p>\t\t\t\t}\n\t\t\t});<\/p>\n<p>     }<\/p>\n<p>google.maps.event.addDomListener(window, 'load', initialize);<\/p>\n<p>    });<\/p>\n<p>function center_map( map ) {<\/p>\n<p>\t\/\/ vars\n\tvar bounds = new google.maps.LatLngBounds();<\/p>\n<p>\t\/\/ loop through all markers and create bounds\n\t$.each( map.markers, function( i, marker ){<\/p>\n<p>\t\tvar latlng = new google.maps.LatLng( marker.position.lat(), marker.position.lng() );<\/p>\n<p>\t\tbounds.extend( latlng );<\/p>\n<p>\t});<\/p>\n<p>\t\/\/ only 1 marker?\n\tif( map.markers.length == 1 )\n\t{\n\t\t\/\/ set center of map\n\t    map.setCenter( bounds.getCenter() );\n\t    map.setZoom( 16 );\n\t}\n\telse\n\t{\n\t\t\/\/ fit to bounds\n\t\tmap.fitBounds( bounds );\n\t}<\/p>\n<p>}<\/p>\n<p><\/script><br \/>\n<!-- Bloc 14 - Vignettes --><\/p>\n<div class=\"blocsphotos blocsphotos--nocolor\" id=\"bloc_14_8\">\n<div class=\"container\">\n<div class=\"row\">\n<div class=\"col-6 col-md-3 mb-1 mb-md-0\">\n<div class=\"blocphoto\">\n\t\t\t\t\t<img decoding=\"async\" class=\"img-fluid img-rounded\" src=\"https:\/\/www.lfianvers.org\/wp-content\/uploads\/2022\/05\/Efi-Class-02-5-270x310.jpg\" width=\"\" height=\"\" alt=\"\">\n\t\t\t\t<\/div>\n<\/p><\/div>\n<div class=\"col-6 col-md-3 mb-1 mb-md-0\">\n<div class=\"blocphoto\">\n\t\t\t\t\t<img decoding=\"async\" class=\"img-fluid img-rounded\" src=\"https:\/\/www.lfianvers.org\/wp-content\/uploads\/2022\/05\/Efi-Class-01-3-270x310.jpg\" width=\"\" height=\"\" alt=\"\">\n\t\t\t\t<\/div>\n<\/p><\/div>\n<div class=\"col-6 col-md-3 mb-1 mb-md-0\">\n<div class=\"blocphoto\">\n\t\t\t\t\t<img decoding=\"async\" class=\"img-fluid img-rounded\" src=\"https:\/\/www.lfianvers.org\/wp-content\/uploads\/2022\/05\/Efi-Class-01-1-270x310.jpg\" width=\"\" height=\"\" alt=\"\">\n\t\t\t\t<\/div>\n<\/p><\/div>\n<div class=\"col-6 col-md-3 mb-1 mb-md-0\">\n<div class=\"blocphoto\">\n\t\t\t\t\t<img decoding=\"async\" class=\"img-fluid img-rounded\" src=\"https:\/\/www.lfianvers.org\/wp-content\/uploads\/2022\/05\/Efi-Class-01-10-270x310.jpg\" width=\"\" height=\"\" alt=\"\">\n\t\t\t\t<\/div>\n<\/p><\/div>\n<\/p><\/div>\n<\/p><\/div>\n<\/div>\n","protected":false},"excerpt":{"rendered":"<p>Contactez-nous CONTACTEZ-NOUS Les \u00e9quipes sont \u00e0 votre disposition pour r\u00e9pondre \u00e0 toutes vos questions. Lamorini\u00e8restraat 168A 2018 Antwerpen<\/p>\n","protected":false},"author":18,"featured_media":0,"parent":0,"menu_order":60,"comment_status":"closed","ping_status":"closed","template":"","meta":{"_acf_changed":false,"kdcopypost-origin-url":"","kdcopypost-origin-id":"","footnotes":""},"class_list":["post-9520","page","type-page","status-publish","hentry"],"acf":[],"yoast_head":"<!-- This site is optimized with the Yoast SEO plugin v27.4 - https:\/\/yoast.com\/product\/yoast-seo-wordpress\/ -->\n<title>Contactez-nous - LFI Anvers<\/title>\n<meta name=\"robots\" content=\"index, follow, max-snippet:-1, max-image-preview:large, max-video-preview:-1\" \/>\n<link rel=\"canonical\" href=\"https:\/\/www.lfianvers.org\/fr\/contactez-nous\/\" \/>\n<meta property=\"og:locale\" content=\"fr_FR\" \/>\n<meta property=\"og:type\" content=\"article\" \/>\n<meta property=\"og:title\" content=\"Contactez-nous - LFI Anvers\" \/>\n<meta property=\"og:description\" content=\"Contactez-nous CONTACTEZ-NOUS Les \u00e9quipes sont \u00e0 votre disposition pour r\u00e9pondre \u00e0 toutes vos questions. Lamorini\u00e8restraat 168A 2018 Antwerpen\" \/>\n<meta property=\"og:url\" content=\"https:\/\/www.lfianvers.org\/fr\/contactez-nous\/\" \/>\n<meta property=\"og:site_name\" content=\"LFI Anvers\" \/>\n<meta property=\"article:modified_time\" content=\"2023-01-16T15:34:12+00:00\" \/>\n<meta property=\"og:image\" content=\"https:\/\/www.lfianvers.org\/wp-content\/uploads\/2022\/05\/Efi-Class-02-5-270x310.jpg\" \/>\n<meta name=\"twitter:card\" content=\"summary_large_image\" \/>\n<meta name=\"twitter:label1\" content=\"Dur\u00e9e de lecture estim\u00e9e\" \/>\n\t<meta name=\"twitter:data1\" content=\"2 minutes\" \/>\n<script type=\"application\/ld+json\" class=\"yoast-schema-graph\">{\"@context\":\"https:\\\/\\\/schema.org\",\"@graph\":[{\"@type\":\"WebPage\",\"@id\":\"https:\\\/\\\/www.lfianvers.org\\\/fr\\\/contactez-nous\\\/\",\"url\":\"https:\\\/\\\/www.lfianvers.org\\\/fr\\\/contactez-nous\\\/\",\"name\":\"Contactez-nous - LFI Anvers\",\"isPartOf\":{\"@id\":\"https:\\\/\\\/www.lfianvers.org\\\/fr\\\/#website\"},\"primaryImageOfPage\":{\"@id\":\"https:\\\/\\\/www.lfianvers.org\\\/fr\\\/contactez-nous\\\/#primaryimage\"},\"image\":{\"@id\":\"https:\\\/\\\/www.lfianvers.org\\\/fr\\\/contactez-nous\\\/#primaryimage\"},\"thumbnailUrl\":\"https:\\\/\\\/www.lfianvers.org\\\/wp-content\\\/uploads\\\/2022\\\/05\\\/Efi-Class-02-5-270x310.jpg\",\"datePublished\":\"2022-10-06T15:43:36+00:00\",\"dateModified\":\"2023-01-16T15:34:12+00:00\",\"breadcrumb\":{\"@id\":\"https:\\\/\\\/www.lfianvers.org\\\/fr\\\/contactez-nous\\\/#breadcrumb\"},\"inLanguage\":\"fr-FR\",\"potentialAction\":[{\"@type\":\"ReadAction\",\"target\":[\"https:\\\/\\\/www.lfianvers.org\\\/fr\\\/contactez-nous\\\/\"]}]},{\"@type\":\"ImageObject\",\"inLanguage\":\"fr-FR\",\"@id\":\"https:\\\/\\\/www.lfianvers.org\\\/fr\\\/contactez-nous\\\/#primaryimage\",\"url\":\"https:\\\/\\\/www.lfianvers.org\\\/wp-content\\\/uploads\\\/2022\\\/05\\\/Efi-Class-02-5-270x310.jpg\",\"contentUrl\":\"https:\\\/\\\/www.lfianvers.org\\\/wp-content\\\/uploads\\\/2022\\\/05\\\/Efi-Class-02-5-270x310.jpg\"},{\"@type\":\"BreadcrumbList\",\"@id\":\"https:\\\/\\\/www.lfianvers.org\\\/fr\\\/contactez-nous\\\/#breadcrumb\",\"itemListElement\":[{\"@type\":\"ListItem\",\"position\":1,\"name\":\"Accueil\",\"item\":\"https:\\\/\\\/www.lfianvers.org\\\/fr\\\/\"},{\"@type\":\"ListItem\",\"position\":2,\"name\":\"Contactez-nous\"}]},{\"@type\":\"WebSite\",\"@id\":\"https:\\\/\\\/www.lfianvers.org\\\/fr\\\/#website\",\"url\":\"https:\\\/\\\/www.lfianvers.org\\\/fr\\\/\",\"name\":\"LFI Anvers\",\"description\":\"Lyc\u00e9e fran\u00e7ais international d&#039;Anvers\",\"potentialAction\":[{\"@type\":\"SearchAction\",\"target\":{\"@type\":\"EntryPoint\",\"urlTemplate\":\"https:\\\/\\\/www.lfianvers.org\\\/fr\\\/?s={search_term_string}\"},\"query-input\":{\"@type\":\"PropertyValueSpecification\",\"valueRequired\":true,\"valueName\":\"search_term_string\"}}],\"inLanguage\":\"fr-FR\"}]}<\/script>\n<!-- \/ Yoast SEO plugin. -->","yoast_head_json":{"title":"Contactez-nous - LFI Anvers","robots":{"index":"index","follow":"follow","max-snippet":"max-snippet:-1","max-image-preview":"max-image-preview:large","max-video-preview":"max-video-preview:-1"},"canonical":"https:\/\/www.lfianvers.org\/fr\/contactez-nous\/","og_locale":"fr_FR","og_type":"article","og_title":"Contactez-nous - LFI Anvers","og_description":"Contactez-nous CONTACTEZ-NOUS Les \u00e9quipes sont \u00e0 votre disposition pour r\u00e9pondre \u00e0 toutes vos questions. Lamorini\u00e8restraat 168A 2018 Antwerpen","og_url":"https:\/\/www.lfianvers.org\/fr\/contactez-nous\/","og_site_name":"LFI Anvers","article_modified_time":"2023-01-16T15:34:12+00:00","og_image":[{"url":"https:\/\/www.lfianvers.org\/wp-content\/uploads\/2022\/05\/Efi-Class-02-5-270x310.jpg","type":"","width":"","height":""}],"twitter_card":"summary_large_image","twitter_misc":{"Dur\u00e9e de lecture estim\u00e9e":"2 minutes"},"schema":{"@context":"https:\/\/schema.org","@graph":[{"@type":"WebPage","@id":"https:\/\/www.lfianvers.org\/fr\/contactez-nous\/","url":"https:\/\/www.lfianvers.org\/fr\/contactez-nous\/","name":"Contactez-nous - LFI Anvers","isPartOf":{"@id":"https:\/\/www.lfianvers.org\/fr\/#website"},"primaryImageOfPage":{"@id":"https:\/\/www.lfianvers.org\/fr\/contactez-nous\/#primaryimage"},"image":{"@id":"https:\/\/www.lfianvers.org\/fr\/contactez-nous\/#primaryimage"},"thumbnailUrl":"https:\/\/www.lfianvers.org\/wp-content\/uploads\/2022\/05\/Efi-Class-02-5-270x310.jpg","datePublished":"2022-10-06T15:43:36+00:00","dateModified":"2023-01-16T15:34:12+00:00","breadcrumb":{"@id":"https:\/\/www.lfianvers.org\/fr\/contactez-nous\/#breadcrumb"},"inLanguage":"fr-FR","potentialAction":[{"@type":"ReadAction","target":["https:\/\/www.lfianvers.org\/fr\/contactez-nous\/"]}]},{"@type":"ImageObject","inLanguage":"fr-FR","@id":"https:\/\/www.lfianvers.org\/fr\/contactez-nous\/#primaryimage","url":"https:\/\/www.lfianvers.org\/wp-content\/uploads\/2022\/05\/Efi-Class-02-5-270x310.jpg","contentUrl":"https:\/\/www.lfianvers.org\/wp-content\/uploads\/2022\/05\/Efi-Class-02-5-270x310.jpg"},{"@type":"BreadcrumbList","@id":"https:\/\/www.lfianvers.org\/fr\/contactez-nous\/#breadcrumb","itemListElement":[{"@type":"ListItem","position":1,"name":"Accueil","item":"https:\/\/www.lfianvers.org\/fr\/"},{"@type":"ListItem","position":2,"name":"Contactez-nous"}]},{"@type":"WebSite","@id":"https:\/\/www.lfianvers.org\/fr\/#website","url":"https:\/\/www.lfianvers.org\/fr\/","name":"LFI Anvers","description":"Lyc\u00e9e fran\u00e7ais international d&#039;Anvers","potentialAction":[{"@type":"SearchAction","target":{"@type":"EntryPoint","urlTemplate":"https:\/\/www.lfianvers.org\/fr\/?s={search_term_string}"},"query-input":{"@type":"PropertyValueSpecification","valueRequired":true,"valueName":"search_term_string"}}],"inLanguage":"fr-FR"}]}},"_links":{"self":[{"href":"https:\/\/www.lfianvers.org\/fr\/wp-json\/wp\/v2\/pages\/9520","targetHints":{"allow":["GET"]}}],"collection":[{"href":"https:\/\/www.lfianvers.org\/fr\/wp-json\/wp\/v2\/pages"}],"about":[{"href":"https:\/\/www.lfianvers.org\/fr\/wp-json\/wp\/v2\/types\/page"}],"author":[{"embeddable":true,"href":"https:\/\/www.lfianvers.org\/fr\/wp-json\/wp\/v2\/users\/18"}],"replies":[{"embeddable":true,"href":"https:\/\/www.lfianvers.org\/fr\/wp-json\/wp\/v2\/comments?post=9520"}],"version-history":[{"count":23,"href":"https:\/\/www.lfianvers.org\/fr\/wp-json\/wp\/v2\/pages\/9520\/revisions"}],"predecessor-version":[{"id":11367,"href":"https:\/\/www.lfianvers.org\/fr\/wp-json\/wp\/v2\/pages\/9520\/revisions\/11367"}],"wp:attachment":[{"href":"https:\/\/www.lfianvers.org\/fr\/wp-json\/wp\/v2\/media?parent=9520"}],"curies":[{"name":"wp","href":"https:\/\/api.w.org\/{rel}","templated":true}]}}