{"id":9301,"date":"2022-10-04T14:47:46","date_gmt":"2022-10-04T12:47:46","guid":{"rendered":"https:\/\/lfia.agencebisart.com\/?page_id=9301"},"modified":"2024-09-18T11:14:35","modified_gmt":"2024-09-18T09:14:35","slug":"restauration","status":"publish","type":"page","link":"https:\/\/www.lfianvers.org\/fr\/informations-pratiques\/restauration\/","title":{"rendered":"Restauration"},"content":{"rendered":"<p>\t\t\t\t<!-- avec ou sans CTA : m\u00eame code, \u00e7a centre verticalement le texte --><\/p>\n<div class=\"smallheader\" id=\"bloc_small_header_1\">\n<style type=\"text\/css\">\n\t\t\t\t\t\t\t#bloc_small_header_1 {background-image: url(https:\/\/www.lfianvers.org\/wp-content\/uploads\/2022\/10\/221010-LFIA-Classrooms-39-610x270.jpg);}\n\t\t\t\t\t\t\t@media (min-width: 480px) {\t#bloc_small_header_1 {background-image: url(https:\/\/www.lfianvers.org\/wp-content\/uploads\/2022\/10\/221010-LFIA-Classrooms-39-610x270.jpg);}}\n\t\t\t\t\t\t\t@media (min-width: 768px) {\t#bloc_small_header_1 {background-image: url(https:\/\/www.lfianvers.org\/wp-content\/uploads\/2022\/10\/221010-LFIA-Classrooms-39-1024x684.jpg);}}\n\t\t\t\t\t\t\t@media (min-width: 992px) { #bloc_small_header_1 {background-image: url(https:\/\/www.lfianvers.org\/wp-content\/uploads\/2022\/10\/221010-LFIA-Classrooms-39-1024x684.jpg);}}\n\t\t\t\t\t\t\t@media (min-width: 1200px) { #bloc_small_header_1 {background-image: url(https:\/\/www.lfianvers.org\/wp-content\/uploads\/2022\/10\/221010-LFIA-Classrooms-39-1536x1026.jpg);}}\n\t\t\t\t\t\t<\/style>\n<div class=\"container d-flex flex-column justify-content-center align-items-start\">\n<h1><span>Restauration<\/span><\/h1>\n<\/p><\/div>\n<\/p><\/div>\n<div class=\"bloctext bloctext--nocolor bloctext--haspattern\" id=\"bloc_6_2\">\n<div class=\"container\">\n<div class=\"row\">\n<div class=\"col-12 col-lg-4 col-xl-3 mb-1\">\n<h2><span>repas \u00e9quilibr\u00e9s et \u00e9labor\u00e9s<\/span><\/h2>\n<\/p><\/div>\n<div class=\"col-12 col-lg-8 col-xl-9\">\n<div class=\"text pl-lg-4\">\n<p class=\"p1\">Chaque jour, des repas \u00e9quilibr\u00e9s et \u00e9labor\u00e9s avec un maximum de produits frais.<\/p>\n<p class=\"p1\">Dans l\u2019esprit des \u00e9coles fran\u00e7aises, un service de restauration est propos\u00e9 4 jours par semaine (lundi, mardi, jeudi et vendredi).<\/p>\n<p class=\"p1\">Pour les familles qui ne souhaitent pas faire appel \u00e0 ce service de restauration, les enfants peuvent apporter leur \u00ab bo\u00eete \u00e0 tartines \u00bb ou Lunch-box.<\/p>\n<p class=\"p3\">Quel que soit le mode de restauration choisi, les enfants d\u00e9jeunent ensemble dans le m\u00eame espace.<\/p>\n<p class=\"p3\">Les repas sont d\u2019abord pris par les \u00e9l\u00e8ves de maternelle puis vient le tour de ceux des classes \u00e9l\u00e9mentaires et enfin celui des coll\u00e9giens.<\/p>\n<p class=\"p3\">Pour l\u2019ann\u00e9e scolaire en cours, le montant forfaitaire du repas est de 5 \u20ac pour un \u00e9l\u00e8ve de maternelle, 6 \u20ac pour un \u00e9l\u00e8ve de l\u2019\u00e9l\u00e9mentaire et de 7 \u20ac pour un coll\u00e9gien ou un lyc\u00e9en.<span class=\"Apple-converted-space\">\u00a0<\/span><\/p>\n<p class=\"p3\">En d\u00e9but de trimestre, un formulaire est envoy\u00e9 par mail aux familles et l\u2019inscription se fait par internet.<\/p>\n<p class=\"p3\">La facture est envoy\u00e9e en cours de trimestre par l\u2019intendance. Elle est payable en 1 fois au plus tard \u00e0 la fin du trimestre.<\/p>\n<\/p><\/div>\n<\/p><\/div>\n<\/p><\/div>\n<\/p><\/div>\n<\/div>\n<div class=\"bloctext bloctext--nocolor bloctext--haspattern\" id=\"bloc_6_3\">\n<div class=\"container\">\n<div class=\"row\">\n<div class=\"col-12 col-lg-4 col-xl-3 mb-1\">\n<h2><span>Menu de la semaine<\/span><\/h2>\n<\/p><\/div>\n<div class=\"col-12 col-lg-8 col-xl-9\">\n<div class=\"text pl-lg-4\">\n<div style=\"position: relative; width: 100%; height: 0; padding-top: 70.7071%;\n padding-bottom: 0; box-shadow: 0 2px 8px 0 rgba(63,69,81,0.16); margin-top: 1.6em; margin-bottom: 0.9em; overflow: hidden;\n border-radius: 8px; will-change: transform;\"><br \/>\n  <iframe loading=\"lazy\" style=\"position: absolute; width: 100%; height: 100%; top: 0; left: 0; border: none; padding: 0;margin: 0;\"\n    src=\"https:&#x2F;&#x2F;www.canva.com&#x2F;design&#x2F;DAGOj0iHlLg&#x2F;VCRYYyeKYeEqq5SFhXocPA&#x2F;view?embed\" allowfullscreen=\"allowfullscreen\" allow=\"fullscreen\"><br \/>\n  <\/iframe>\n<\/div>\n<\/p><\/div>\n<\/p><\/div>\n<\/p><\/div>\n<\/p><\/div>\n<\/div>\n<div class=\"blocinfo blocinfo--color4\" id=\"bloc_10_4\">\n<div class=\"container\">\n<div class=\"row\">\n<div class=\"col-12 col-md-6\">\n<h2><span>Besoin de plus d\u2019information ?<\/span><\/h2>\n<p>L&rsquo;\u00e9quipe du bureau des admissions est \u00e0 votre disposition pour r\u00e9pondre \u00e0 toutes vos questions.<\/p>\n<p>\t\t\t\t<!-- Changer la classe de couleur du bouton en fonction de la couleur g\u00e9n\u00e9rale du bloc --><\/p>\n<div class=\"bloc_cta\" >\n\t<a href=\"\" title=\"\" target=\"\" class=\"mr-3 btn btn--color4\" rel=\"noopener\"><\/a> \t\t\t\t<\/div>\n<\/p><\/div>\n<\/p><\/div>\n<\/p><\/div>\n<\/div>\n","protected":false},"excerpt":{"rendered":"<p>Restauration repas \u00e9quilibr\u00e9s et \u00e9labor\u00e9s Chaque jour, des repas \u00e9quilibr\u00e9s et \u00e9labor\u00e9s avec un maximum de produits frais. Dans l\u2019esprit [&hellip;]<\/p>\n","protected":false},"author":18,"featured_media":0,"parent":9293,"menu_order":24,"comment_status":"closed","ping_status":"closed","template":"","meta":{"_acf_changed":false,"kdcopypost-origin-url":"","kdcopypost-origin-id":"","footnotes":""},"class_list":["post-9301","page","type-page","status-publish","hentry"],"acf":[],"yoast_head":"<!-- This site is optimized with the Yoast SEO plugin v27.4 - https:\/\/yoast.com\/product\/yoast-seo-wordpress\/ -->\n<title>Restauration - LFI Anvers<\/title>\n<meta name=\"robots\" content=\"index, follow, max-snippet:-1, max-image-preview:large, max-video-preview:-1\" \/>\n<link rel=\"canonical\" href=\"https:\/\/www.lfianvers.org\/fr\/informations-pratiques\/restauration\/\" \/>\n<meta property=\"og:locale\" content=\"fr_FR\" \/>\n<meta property=\"og:type\" content=\"article\" \/>\n<meta property=\"og:title\" content=\"Restauration - LFI Anvers\" \/>\n<meta property=\"og:description\" content=\"Restauration repas \u00e9quilibr\u00e9s et \u00e9labor\u00e9s Chaque jour, des repas \u00e9quilibr\u00e9s et \u00e9labor\u00e9s avec un maximum de produits frais. Dans l\u2019esprit [&hellip;]\" \/>\n<meta property=\"og:url\" content=\"https:\/\/www.lfianvers.org\/fr\/informations-pratiques\/restauration\/\" \/>\n<meta property=\"og:site_name\" content=\"LFI Anvers\" \/>\n<meta property=\"article:modified_time\" content=\"2024-09-18T09:14:35+00:00\" \/>\n<meta name=\"twitter:card\" content=\"summary_large_image\" \/>\n<meta name=\"twitter:label1\" content=\"Dur\u00e9e de lecture estim\u00e9e\" \/>\n\t<meta name=\"twitter:data1\" content=\"3 minutes\" \/>\n<script type=\"application\/ld+json\" class=\"yoast-schema-graph\">{\"@context\":\"https:\\\/\\\/schema.org\",\"@graph\":[{\"@type\":\"WebPage\",\"@id\":\"https:\\\/\\\/www.lfianvers.org\\\/fr\\\/informations-pratiques\\\/restauration\\\/\",\"url\":\"https:\\\/\\\/www.lfianvers.org\\\/fr\\\/informations-pratiques\\\/restauration\\\/\",\"name\":\"Restauration - LFI Anvers\",\"isPartOf\":{\"@id\":\"https:\\\/\\\/www.lfianvers.org\\\/fr\\\/#website\"},\"datePublished\":\"2022-10-04T12:47:46+00:00\",\"dateModified\":\"2024-09-18T09:14:35+00:00\",\"breadcrumb\":{\"@id\":\"https:\\\/\\\/www.lfianvers.org\\\/fr\\\/informations-pratiques\\\/restauration\\\/#breadcrumb\"},\"inLanguage\":\"fr-FR\",\"potentialAction\":[{\"@type\":\"ReadAction\",\"target\":[\"https:\\\/\\\/www.lfianvers.org\\\/fr\\\/informations-pratiques\\\/restauration\\\/\"]}]},{\"@type\":\"BreadcrumbList\",\"@id\":\"https:\\\/\\\/www.lfianvers.org\\\/fr\\\/informations-pratiques\\\/restauration\\\/#breadcrumb\",\"itemListElement\":[{\"@type\":\"ListItem\",\"position\":1,\"name\":\"Accueil\",\"item\":\"https:\\\/\\\/www.lfianvers.org\\\/fr\\\/\"},{\"@type\":\"ListItem\",\"position\":2,\"name\":\"Informations pratiques\",\"item\":\"https:\\\/\\\/www.lfianvers.org\\\/fr\\\/informations-pratiques\\\/\"},{\"@type\":\"ListItem\",\"position\":3,\"name\":\"Restauration\"}]},{\"@type\":\"WebSite\",\"@id\":\"https:\\\/\\\/www.lfianvers.org\\\/fr\\\/#website\",\"url\":\"https:\\\/\\\/www.lfianvers.org\\\/fr\\\/\",\"name\":\"LFI Anvers\",\"description\":\"Lyc\u00e9e fran\u00e7ais international d&#039;Anvers\",\"potentialAction\":[{\"@type\":\"SearchAction\",\"target\":{\"@type\":\"EntryPoint\",\"urlTemplate\":\"https:\\\/\\\/www.lfianvers.org\\\/fr\\\/?s={search_term_string}\"},\"query-input\":{\"@type\":\"PropertyValueSpecification\",\"valueRequired\":true,\"valueName\":\"search_term_string\"}}],\"inLanguage\":\"fr-FR\"}]}<\/script>\n<!-- \/ Yoast SEO plugin. -->","yoast_head_json":{"title":"Restauration - LFI Anvers","robots":{"index":"index","follow":"follow","max-snippet":"max-snippet:-1","max-image-preview":"max-image-preview:large","max-video-preview":"max-video-preview:-1"},"canonical":"https:\/\/www.lfianvers.org\/fr\/informations-pratiques\/restauration\/","og_locale":"fr_FR","og_type":"article","og_title":"Restauration - LFI Anvers","og_description":"Restauration repas \u00e9quilibr\u00e9s et \u00e9labor\u00e9s Chaque jour, des repas \u00e9quilibr\u00e9s et \u00e9labor\u00e9s avec un maximum de produits frais. Dans l\u2019esprit [&hellip;]","og_url":"https:\/\/www.lfianvers.org\/fr\/informations-pratiques\/restauration\/","og_site_name":"LFI Anvers","article_modified_time":"2024-09-18T09:14:35+00:00","twitter_card":"summary_large_image","twitter_misc":{"Dur\u00e9e de lecture estim\u00e9e":"3 minutes"},"schema":{"@context":"https:\/\/schema.org","@graph":[{"@type":"WebPage","@id":"https:\/\/www.lfianvers.org\/fr\/informations-pratiques\/restauration\/","url":"https:\/\/www.lfianvers.org\/fr\/informations-pratiques\/restauration\/","name":"Restauration - LFI Anvers","isPartOf":{"@id":"https:\/\/www.lfianvers.org\/fr\/#website"},"datePublished":"2022-10-04T12:47:46+00:00","dateModified":"2024-09-18T09:14:35+00:00","breadcrumb":{"@id":"https:\/\/www.lfianvers.org\/fr\/informations-pratiques\/restauration\/#breadcrumb"},"inLanguage":"fr-FR","potentialAction":[{"@type":"ReadAction","target":["https:\/\/www.lfianvers.org\/fr\/informations-pratiques\/restauration\/"]}]},{"@type":"BreadcrumbList","@id":"https:\/\/www.lfianvers.org\/fr\/informations-pratiques\/restauration\/#breadcrumb","itemListElement":[{"@type":"ListItem","position":1,"name":"Accueil","item":"https:\/\/www.lfianvers.org\/fr\/"},{"@type":"ListItem","position":2,"name":"Informations pratiques","item":"https:\/\/www.lfianvers.org\/fr\/informations-pratiques\/"},{"@type":"ListItem","position":3,"name":"Restauration"}]},{"@type":"WebSite","@id":"https:\/\/www.lfianvers.org\/fr\/#website","url":"https:\/\/www.lfianvers.org\/fr\/","name":"LFI Anvers","description":"Lyc\u00e9e fran\u00e7ais international d&#039;Anvers","potentialAction":[{"@type":"SearchAction","target":{"@type":"EntryPoint","urlTemplate":"https:\/\/www.lfianvers.org\/fr\/?s={search_term_string}"},"query-input":{"@type":"PropertyValueSpecification","valueRequired":true,"valueName":"search_term_string"}}],"inLanguage":"fr-FR"}]}},"_links":{"self":[{"href":"https:\/\/www.lfianvers.org\/fr\/wp-json\/wp\/v2\/pages\/9301","targetHints":{"allow":["GET"]}}],"collection":[{"href":"https:\/\/www.lfianvers.org\/fr\/wp-json\/wp\/v2\/pages"}],"about":[{"href":"https:\/\/www.lfianvers.org\/fr\/wp-json\/wp\/v2\/types\/page"}],"author":[{"embeddable":true,"href":"https:\/\/www.lfianvers.org\/fr\/wp-json\/wp\/v2\/users\/18"}],"replies":[{"embeddable":true,"href":"https:\/\/www.lfianvers.org\/fr\/wp-json\/wp\/v2\/comments?post=9301"}],"version-history":[{"count":48,"href":"https:\/\/www.lfianvers.org\/fr\/wp-json\/wp\/v2\/pages\/9301\/revisions"}],"predecessor-version":[{"id":14268,"href":"https:\/\/www.lfianvers.org\/fr\/wp-json\/wp\/v2\/pages\/9301\/revisions\/14268"}],"up":[{"embeddable":true,"href":"https:\/\/www.lfianvers.org\/fr\/wp-json\/wp\/v2\/pages\/9293"}],"wp:attachment":[{"href":"https:\/\/www.lfianvers.org\/fr\/wp-json\/wp\/v2\/media?parent=9301"}],"curies":[{"name":"wp","href":"https:\/\/api.w.org\/{rel}","templated":true}]}}