{"id":9285,"date":"2022-10-04T14:44:32","date_gmt":"2022-10-04T12:44:32","guid":{"rendered":"https:\/\/lfia.agencebisart.com\/?page_id=9285"},"modified":"2026-03-20T11:45:06","modified_gmt":"2026-03-20T10:45:06","slug":"cursus-bilingue","status":"publish","type":"page","link":"https:\/\/www.lfianvers.org\/fr\/cursus-scolaire\/cursus-bilingue\/","title":{"rendered":"Cursus bilingue"},"content":{"rendered":"<p>\t\t\t\t<!-- avec ou sans CTA : m\u00eame code, \u00e7a centre verticalement le texte --><\/p>\n<div class=\"smallheader\" id=\"bloc_small_header_6\">\n<style type=\"text\/css\">\n\t\t\t\t\t\t\t#bloc_small_header_6 {background-image: url(https:\/\/www.lfianvers.org\/wp-content\/uploads\/2022\/10\/221010-LFIA-Classrooms-94-610x270.jpg);}\n\t\t\t\t\t\t\t@media (min-width: 480px) {\t#bloc_small_header_6 {background-image: url(https:\/\/www.lfianvers.org\/wp-content\/uploads\/2022\/10\/221010-LFIA-Classrooms-94-610x270.jpg);}}\n\t\t\t\t\t\t\t@media (min-width: 768px) {\t#bloc_small_header_6 {background-image: url(https:\/\/www.lfianvers.org\/wp-content\/uploads\/2022\/10\/221010-LFIA-Classrooms-94-1024x684.jpg);}}\n\t\t\t\t\t\t\t@media (min-width: 992px) { #bloc_small_header_6 {background-image: url(https:\/\/www.lfianvers.org\/wp-content\/uploads\/2022\/10\/221010-LFIA-Classrooms-94-1024x684.jpg);}}\n\t\t\t\t\t\t\t@media (min-width: 1200px) { #bloc_small_header_6 {background-image: url(https:\/\/www.lfianvers.org\/wp-content\/uploads\/2022\/10\/221010-LFIA-Classrooms-94-1536x1026.jpg);}}\n\t\t\t\t\t\t<\/style>\n<div class=\"container d-flex flex-column justify-content-center align-items-start\">\n<h1><span>Cursus bilingue<\/span><\/h1>\n<\/p><\/div>\n<\/p><\/div>\n<div class=\"bloctext bloctext--nocolor bloctext--haspattern\" id=\"bloc_6_7\">\n<div class=\"container\">\n<div class=\"row\">\n<div class=\"col-12 col-lg-4 col-xl-3 mb-1\">\n<h2><span>enseignement bilingue<\/span><\/h2>\n<\/p><\/div>\n<div class=\"col-12 col-lg-8 col-xl-9\">\n<div class=\"text pl-lg-4\">\n<p class=\"p1\">LFIA, tous les enseignements \u00e0 l\u2019\u00e9cole primaire (maternelle et \u00e9l\u00e9mentaire) sont donn\u00e9s en fran\u00e7ais (13h), en anglais (10h) et en n\u00e9erlandais (3h). Cet enseignement bilingue \u00e0 parit\u00e9 horaire permet une immersion en langues fran\u00e7aise et anglaise, ainsi qu\u2019une initiation au n\u00e9erlandais.<\/p>\n<p><strong>Ainsi, d\u00e8s 4 ans, un \u00e9l\u00e8ve du Lyc\u00e9e fran\u00e7ais international d\u2019Anvers c\u00f4toie et apprend trois langues.<\/strong><\/p>\n<\/p><\/div>\n<\/p><\/div>\n<\/p><\/div>\n<\/p><\/div>\n<\/div>\n<div class=\"citation citation--color4\" id=\"bloc_12_8\">\n<div class=\"container\">\n<div class=\"row justify-content-center\">\n<div class=\"col-12 col-lg-10\">\n<blockquote><p>Les \u00e9l\u00e8ves non-francophones ou non-anglophones sont accompagn\u00e9s dans leurs premiers contacts avec leur nouvelle langue, gr\u00e2ce \u00e0 un dispositif appel\u00e9 Passerelle, qui leur permet, sous forme de s\u00e9ances intensives dispens\u00e9es en tr\u00e8s petits groupes, d\u2019acqu\u00e9rir les outils n\u00e9cessaires \u00e0 leur immersion. <\/p><\/blockquote>\n<p>\t\t\t\t<cite class=\"author\"><br \/>\n\t\t\t\t\t<img decoding=\"async\" src=\"https:\/\/www.lfianvers.org\/wp-content\/uploads\/2022\/06\/Groupe-972-284x284.jpg\" width=\"58\" height=\"58\" alt=\"\"><\/p>\n<div>\n\t\t\t\t\t\t<strong><\/strong><br \/>\n\t\t\t\t\t\t<span><\/span>\n\t\t\t\t\t<\/div>\n<p>\t\t\t\t<\/cite>\n\t\t\t<\/div>\n<\/p><\/div>\n<\/p><\/div>\n<\/div>\n<div class=\"bloctext bloctext--nocolor bloctext--haspattern\" id=\"bloc_6_9\">\n<div class=\"container\">\n<div class=\"row\">\n<div class=\"col-12 col-lg-4 col-xl-3 mb-1\">\n<h2><span>quatre langues vivantes<\/span><\/h2>\n<\/p><\/div>\n<div class=\"col-12 col-lg-8 col-xl-9\">\n<div class=\"text pl-lg-4\">\n<p class=\"p1\">L&rsquo;espagnol est introduit au coll\u00e8ge, \u00e0 partir de la classe de 4\u00e8me et est enseign\u00e9 jusqu\u2019en Terminale. A douze ans, un \u00e9l\u00e8ve du Lyc\u00e9e fran\u00e7ais international d\u2019Anvers \u00e9tudie quatre langues vivantes.<\/p>\n<\/p><\/div>\n<\/p><\/div>\n<\/p><\/div>\n<\/p><\/div>\n<\/div>\n<div class=\"blocinfo blocinfo--color4\" id=\"bloc_10_10\">\n<div class=\"container\">\n<div class=\"row\">\n<div class=\"col-12 col-md-6\">\n<h2><span>D\u00e9marrez son avenir d\u00e8s aujourd\u2019hui !<\/span><\/h2>\n<p>Venez nous rencontrer<\/p>\n<p>\t\t\t\t<!-- Changer la classe de couleur du bouton en fonction de la couleur g\u00e9n\u00e9rale du bloc --><\/p>\n<div class=\"bloc_cta\" >\n\t<a href=\"https:\/\/www.lfianvers.org\/fr\/admissions\/\" title=\"S'inscrire\" target=\"\" class=\"mr-3 btn btn--color4\">S&rsquo;inscrire<\/a> \t\t\t\t<\/div>\n<\/p><\/div>\n<\/p><\/div>\n<\/p><\/div>\n<\/div>\n","protected":false},"excerpt":{"rendered":"<p>Cursus bilingue enseignement bilingue LFIA, tous les enseignements \u00e0 l\u2019\u00e9cole primaire (maternelle et \u00e9l\u00e9mentaire) sont donn\u00e9s en fran\u00e7ais (13h), en [&hellip;]<\/p>\n","protected":false},"author":18,"featured_media":0,"parent":9273,"menu_order":17,"comment_status":"closed","ping_status":"closed","template":"","meta":{"_acf_changed":false,"kdcopypost-origin-url":"","kdcopypost-origin-id":"","footnotes":""},"class_list":["post-9285","page","type-page","status-publish","hentry"],"acf":[],"yoast_head":"<!-- This site is optimized with the Yoast SEO plugin v27.4 - https:\/\/yoast.com\/product\/yoast-seo-wordpress\/ -->\n<title>Cursus bilingue - LFI Anvers<\/title>\n<meta name=\"robots\" content=\"index, follow, max-snippet:-1, max-image-preview:large, max-video-preview:-1\" \/>\n<link rel=\"canonical\" href=\"https:\/\/www.lfianvers.org\/fr\/cursus-scolaire\/cursus-bilingue\/\" \/>\n<meta property=\"og:locale\" content=\"fr_FR\" \/>\n<meta property=\"og:type\" content=\"article\" \/>\n<meta property=\"og:title\" content=\"Cursus bilingue - LFI Anvers\" \/>\n<meta property=\"og:description\" content=\"Cursus bilingue enseignement bilingue LFIA, tous les enseignements \u00e0 l\u2019\u00e9cole primaire (maternelle et \u00e9l\u00e9mentaire) sont donn\u00e9s en fran\u00e7ais (13h), en [&hellip;]\" \/>\n<meta property=\"og:url\" content=\"https:\/\/www.lfianvers.org\/fr\/cursus-scolaire\/cursus-bilingue\/\" \/>\n<meta property=\"og:site_name\" content=\"LFI Anvers\" \/>\n<meta property=\"article:modified_time\" content=\"2026-03-20T10:45:06+00:00\" \/>\n<meta property=\"og:image\" content=\"https:\/\/www.lfianvers.org\/wp-content\/uploads\/2022\/06\/Groupe-972-284x284.jpg\" \/>\n<meta name=\"twitter:card\" content=\"summary_large_image\" \/>\n<meta name=\"twitter:label1\" content=\"Dur\u00e9e de lecture estim\u00e9e\" \/>\n\t<meta name=\"twitter:data1\" content=\"2 minutes\" \/>\n<script type=\"application\/ld+json\" class=\"yoast-schema-graph\">{\"@context\":\"https:\\\/\\\/schema.org\",\"@graph\":[{\"@type\":\"WebPage\",\"@id\":\"https:\\\/\\\/www.lfianvers.org\\\/fr\\\/cursus-scolaire\\\/cursus-bilingue\\\/\",\"url\":\"https:\\\/\\\/www.lfianvers.org\\\/fr\\\/cursus-scolaire\\\/cursus-bilingue\\\/\",\"name\":\"Cursus bilingue - LFI Anvers\",\"isPartOf\":{\"@id\":\"https:\\\/\\\/www.lfianvers.org\\\/fr\\\/#website\"},\"primaryImageOfPage\":{\"@id\":\"https:\\\/\\\/www.lfianvers.org\\\/fr\\\/cursus-scolaire\\\/cursus-bilingue\\\/#primaryimage\"},\"image\":{\"@id\":\"https:\\\/\\\/www.lfianvers.org\\\/fr\\\/cursus-scolaire\\\/cursus-bilingue\\\/#primaryimage\"},\"thumbnailUrl\":\"https:\\\/\\\/www.lfianvers.org\\\/wp-content\\\/uploads\\\/2022\\\/06\\\/Groupe-972-284x284.jpg\",\"datePublished\":\"2022-10-04T12:44:32+00:00\",\"dateModified\":\"2026-03-20T10:45:06+00:00\",\"breadcrumb\":{\"@id\":\"https:\\\/\\\/www.lfianvers.org\\\/fr\\\/cursus-scolaire\\\/cursus-bilingue\\\/#breadcrumb\"},\"inLanguage\":\"fr-FR\",\"potentialAction\":[{\"@type\":\"ReadAction\",\"target\":[\"https:\\\/\\\/www.lfianvers.org\\\/fr\\\/cursus-scolaire\\\/cursus-bilingue\\\/\"]}]},{\"@type\":\"ImageObject\",\"inLanguage\":\"fr-FR\",\"@id\":\"https:\\\/\\\/www.lfianvers.org\\\/fr\\\/cursus-scolaire\\\/cursus-bilingue\\\/#primaryimage\",\"url\":\"https:\\\/\\\/www.lfianvers.org\\\/wp-content\\\/uploads\\\/2022\\\/06\\\/Groupe-972-284x284.jpg\",\"contentUrl\":\"https:\\\/\\\/www.lfianvers.org\\\/wp-content\\\/uploads\\\/2022\\\/06\\\/Groupe-972-284x284.jpg\"},{\"@type\":\"BreadcrumbList\",\"@id\":\"https:\\\/\\\/www.lfianvers.org\\\/fr\\\/cursus-scolaire\\\/cursus-bilingue\\\/#breadcrumb\",\"itemListElement\":[{\"@type\":\"ListItem\",\"position\":1,\"name\":\"Accueil\",\"item\":\"https:\\\/\\\/www.lfianvers.org\\\/fr\\\/\"},{\"@type\":\"ListItem\",\"position\":2,\"name\":\"Cursus scolaire\",\"item\":\"https:\\\/\\\/www.lfianvers.org\\\/fr\\\/cursus-scolaire\\\/\"},{\"@type\":\"ListItem\",\"position\":3,\"name\":\"Cursus bilingue\"}]},{\"@type\":\"WebSite\",\"@id\":\"https:\\\/\\\/www.lfianvers.org\\\/fr\\\/#website\",\"url\":\"https:\\\/\\\/www.lfianvers.org\\\/fr\\\/\",\"name\":\"LFI Anvers\",\"description\":\"Lyc\u00e9e fran\u00e7ais international d&#039;Anvers\",\"potentialAction\":[{\"@type\":\"SearchAction\",\"target\":{\"@type\":\"EntryPoint\",\"urlTemplate\":\"https:\\\/\\\/www.lfianvers.org\\\/fr\\\/?s={search_term_string}\"},\"query-input\":{\"@type\":\"PropertyValueSpecification\",\"valueRequired\":true,\"valueName\":\"search_term_string\"}}],\"inLanguage\":\"fr-FR\"}]}<\/script>\n<!-- \/ Yoast SEO plugin. -->","yoast_head_json":{"title":"Cursus bilingue - LFI Anvers","robots":{"index":"index","follow":"follow","max-snippet":"max-snippet:-1","max-image-preview":"max-image-preview:large","max-video-preview":"max-video-preview:-1"},"canonical":"https:\/\/www.lfianvers.org\/fr\/cursus-scolaire\/cursus-bilingue\/","og_locale":"fr_FR","og_type":"article","og_title":"Cursus bilingue - LFI Anvers","og_description":"Cursus bilingue enseignement bilingue LFIA, tous les enseignements \u00e0 l\u2019\u00e9cole primaire (maternelle et \u00e9l\u00e9mentaire) sont donn\u00e9s en fran\u00e7ais (13h), en [&hellip;]","og_url":"https:\/\/www.lfianvers.org\/fr\/cursus-scolaire\/cursus-bilingue\/","og_site_name":"LFI Anvers","article_modified_time":"2026-03-20T10:45:06+00:00","og_image":[{"url":"https:\/\/www.lfianvers.org\/wp-content\/uploads\/2022\/06\/Groupe-972-284x284.jpg","type":"","width":"","height":""}],"twitter_card":"summary_large_image","twitter_misc":{"Dur\u00e9e de lecture estim\u00e9e":"2 minutes"},"schema":{"@context":"https:\/\/schema.org","@graph":[{"@type":"WebPage","@id":"https:\/\/www.lfianvers.org\/fr\/cursus-scolaire\/cursus-bilingue\/","url":"https:\/\/www.lfianvers.org\/fr\/cursus-scolaire\/cursus-bilingue\/","name":"Cursus bilingue - LFI Anvers","isPartOf":{"@id":"https:\/\/www.lfianvers.org\/fr\/#website"},"primaryImageOfPage":{"@id":"https:\/\/www.lfianvers.org\/fr\/cursus-scolaire\/cursus-bilingue\/#primaryimage"},"image":{"@id":"https:\/\/www.lfianvers.org\/fr\/cursus-scolaire\/cursus-bilingue\/#primaryimage"},"thumbnailUrl":"https:\/\/www.lfianvers.org\/wp-content\/uploads\/2022\/06\/Groupe-972-284x284.jpg","datePublished":"2022-10-04T12:44:32+00:00","dateModified":"2026-03-20T10:45:06+00:00","breadcrumb":{"@id":"https:\/\/www.lfianvers.org\/fr\/cursus-scolaire\/cursus-bilingue\/#breadcrumb"},"inLanguage":"fr-FR","potentialAction":[{"@type":"ReadAction","target":["https:\/\/www.lfianvers.org\/fr\/cursus-scolaire\/cursus-bilingue\/"]}]},{"@type":"ImageObject","inLanguage":"fr-FR","@id":"https:\/\/www.lfianvers.org\/fr\/cursus-scolaire\/cursus-bilingue\/#primaryimage","url":"https:\/\/www.lfianvers.org\/wp-content\/uploads\/2022\/06\/Groupe-972-284x284.jpg","contentUrl":"https:\/\/www.lfianvers.org\/wp-content\/uploads\/2022\/06\/Groupe-972-284x284.jpg"},{"@type":"BreadcrumbList","@id":"https:\/\/www.lfianvers.org\/fr\/cursus-scolaire\/cursus-bilingue\/#breadcrumb","itemListElement":[{"@type":"ListItem","position":1,"name":"Accueil","item":"https:\/\/www.lfianvers.org\/fr\/"},{"@type":"ListItem","position":2,"name":"Cursus scolaire","item":"https:\/\/www.lfianvers.org\/fr\/cursus-scolaire\/"},{"@type":"ListItem","position":3,"name":"Cursus bilingue"}]},{"@type":"WebSite","@id":"https:\/\/www.lfianvers.org\/fr\/#website","url":"https:\/\/www.lfianvers.org\/fr\/","name":"LFI Anvers","description":"Lyc\u00e9e fran\u00e7ais international d&#039;Anvers","potentialAction":[{"@type":"SearchAction","target":{"@type":"EntryPoint","urlTemplate":"https:\/\/www.lfianvers.org\/fr\/?s={search_term_string}"},"query-input":{"@type":"PropertyValueSpecification","valueRequired":true,"valueName":"search_term_string"}}],"inLanguage":"fr-FR"}]}},"_links":{"self":[{"href":"https:\/\/www.lfianvers.org\/fr\/wp-json\/wp\/v2\/pages\/9285","targetHints":{"allow":["GET"]}}],"collection":[{"href":"https:\/\/www.lfianvers.org\/fr\/wp-json\/wp\/v2\/pages"}],"about":[{"href":"https:\/\/www.lfianvers.org\/fr\/wp-json\/wp\/v2\/types\/page"}],"author":[{"embeddable":true,"href":"https:\/\/www.lfianvers.org\/fr\/wp-json\/wp\/v2\/users\/18"}],"replies":[{"embeddable":true,"href":"https:\/\/www.lfianvers.org\/fr\/wp-json\/wp\/v2\/comments?post=9285"}],"version-history":[{"count":17,"href":"https:\/\/www.lfianvers.org\/fr\/wp-json\/wp\/v2\/pages\/9285\/revisions"}],"predecessor-version":[{"id":15440,"href":"https:\/\/www.lfianvers.org\/fr\/wp-json\/wp\/v2\/pages\/9285\/revisions\/15440"}],"up":[{"embeddable":true,"href":"https:\/\/www.lfianvers.org\/fr\/wp-json\/wp\/v2\/pages\/9273"}],"wp:attachment":[{"href":"https:\/\/www.lfianvers.org\/fr\/wp-json\/wp\/v2\/media?parent=9285"}],"curies":[{"name":"wp","href":"https:\/\/api.w.org\/{rel}","templated":true}]}}