{"id":9277,"date":"2022-10-04T14:43:04","date_gmt":"2022-10-04T12:43:04","guid":{"rendered":"https:\/\/lfia.agencebisart.com\/?page_id=9277"},"modified":"2026-03-20T11:38:53","modified_gmt":"2026-03-20T10:38:53","slug":"maternelle","status":"publish","type":"page","link":"https:\/\/www.lfianvers.org\/fr\/cursus-scolaire\/maternelle\/","title":{"rendered":"Maternelle"},"content":{"rendered":"<p>\t\t\t\t<!-- avec ou sans CTA : m\u00eame code, \u00e7a centre verticalement le texte --><\/p>\n<div class=\"smallheader\" id=\"bloc_small_header_7\">\n<style type=\"text\/css\">\n\t\t\t\t\t\t\t#bloc_small_header_7 {background-image: url(https:\/\/www.lfianvers.org\/wp-content\/uploads\/2022\/10\/221010-LFIA-Classrooms-5-610x270.jpg);}\n\t\t\t\t\t\t\t@media (min-width: 480px) {\t#bloc_small_header_7 {background-image: url(https:\/\/www.lfianvers.org\/wp-content\/uploads\/2022\/10\/221010-LFIA-Classrooms-5-610x270.jpg);}}\n\t\t\t\t\t\t\t@media (min-width: 768px) {\t#bloc_small_header_7 {background-image: url(https:\/\/www.lfianvers.org\/wp-content\/uploads\/2022\/10\/221010-LFIA-Classrooms-5-1024x684.jpg);}}\n\t\t\t\t\t\t\t@media (min-width: 992px) { #bloc_small_header_7 {background-image: url(https:\/\/www.lfianvers.org\/wp-content\/uploads\/2022\/10\/221010-LFIA-Classrooms-5-1024x684.jpg);}}\n\t\t\t\t\t\t\t@media (min-width: 1200px) { #bloc_small_header_7 {background-image: url(https:\/\/www.lfianvers.org\/wp-content\/uploads\/2022\/10\/221010-LFIA-Classrooms-5-1536x1026.jpg);}}\n\t\t\t\t\t\t<\/style>\n<div class=\"container d-flex flex-column justify-content-center align-items-start\">\n<h1><span>Maternelle<\/span><\/h1>\n<\/p><\/div>\n<\/p><\/div>\n<div class=\"bloctext bloctext--color2 bloctext--haspattern\" id=\"bloc_6_8\">\n<div class=\"container\">\n<div class=\"row\">\n<div class=\"col-12 col-lg-4 col-xl-3 mb-1\">\n<h2><span>\u00e9cole maternelle du LFIA<\/span><\/h2>\n<\/p><\/div>\n<div class=\"col-12 col-lg-8 col-xl-9\">\n<div class=\"text pl-lg-4\">\n<p class=\"p1\">L\u2019\u00e9cole maternelle du LFIA propose d&rsquo;accueillir les \u00e9l\u00e8ves \u00e0 partir de l\u2019\u00e2ge de 2 ans et demi. Les programmes mis en \u0153uvre sont ceux de l\u2019\u00c9ducation Nationale fran\u00e7aise.<\/p>\n<p class=\"p1\">A l\u2019\u00e9cole maternelle, l\u2019enfant va ainsi acqu\u00e9rir de l\u2019autonomie et des connaissances\u00a0 tout en travaillant des comp\u00e9tences qui le pr\u00e9parent aux apprentissages de l\u2019\u00e9cole \u00e9l\u00e9mentaire. Il d\u00e9veloppera aussi un langage oral riche et organis\u00e9.<\/p>\n<p class=\"p2\">R\u00e9put\u00e9s pour leur qualit\u00e9 p\u00e9dagogique, les programmes scolaires fran\u00e7ais de maternelle offrent pour chaque \u00e9l\u00e8ve un \u00e9quilibre subtil entre \u00e9panouissement personnel et acquisition des aptitudes fondamentales :<\/p>\n<\/p><\/div>\n<\/p><\/div>\n<\/p><\/div>\n<\/p><\/div>\n<\/div>\n<div class=\"blocsrounds blocsrounds--style1 \" id=\"bloc_4_9\">\n<div class=\"container text-center\">\n<h2><span><\/span><\/h2>\n<div class=\"row\">\n<div class=\"col-6 col-md-4 mb-2\">\n<div class=\"blocround\">\n\t\t\t\t\t\t<img decoding=\"async\" class=\"img-fluid\" src=\"https:\/\/www.lfianvers.org\/wp-content\/uploads\/2022\/10\/221010-LFIA-Classrooms-3-284x284.jpg\" width=\"\" height=\"\" alt=\"\"><\/p>\n<div class=\"text\">\n<h4>Ils d\u00e9veloppent<\/h4>\n<p>leurs comp\u00e9tences linguistiques<\/p>\n<\/p><\/div>\n<\/p><\/div>\n<\/p><\/div>\n<div class=\"col-6 col-md-4 mb-2\">\n<div class=\"blocround\">\n\t\t\t\t\t\t<img decoding=\"async\" class=\"img-fluid\" src=\"https:\/\/www.lfianvers.org\/wp-content\/uploads\/2022\/10\/221010-LFIA-Spaces-34-284x284.jpg\" width=\"\" height=\"\" alt=\"\"><\/p>\n<div class=\"text\">\n<h4>Ils d\u00e9couvrent<\/h4>\n<p>l\u2019\u00e9criture \u00e0 travers le geste graphique<\/p>\n<\/p><\/div>\n<\/p><\/div>\n<\/p><\/div>\n<div class=\"col-6 col-md-4 mb-2\">\n<div class=\"blocround\">\n\t\t\t\t\t\t<img decoding=\"async\" class=\"img-fluid\" src=\"https:\/\/www.lfianvers.org\/wp-content\/uploads\/2022\/10\/221010-LFIA-Classrooms-17-284x284.jpg\" width=\"\" height=\"\" alt=\"\"><\/p>\n<div class=\"text\">\n<h4>Ils travaillent<\/h4>\n<p>l\u2019expression corporelle<\/p>\n<\/p><\/div>\n<\/p><\/div>\n<\/p><\/div>\n<div class=\"col-6 col-md-4 mb-2\">\n<div class=\"blocround\">\n\t\t\t\t\t\t<img decoding=\"async\" class=\"img-fluid\" src=\"https:\/\/www.lfianvers.org\/wp-content\/uploads\/2022\/10\/221010-LFIA-Classrooms-112-284x284.jpg\" width=\"\" height=\"\" alt=\"\"><\/p>\n<div class=\"text\">\n<h4>Ils apprennent<\/h4>\n<p>les bases des math\u00e9matiques<\/p>\n<\/p><\/div>\n<\/p><\/div>\n<\/p><\/div>\n<div class=\"col-6 col-md-4 mb-2\">\n<div class=\"blocround\">\n\t\t\t\t\t\t<img decoding=\"async\" class=\"img-fluid\" src=\"https:\/\/www.lfianvers.org\/wp-content\/uploads\/2022\/10\/221010-LFIA-Outside-9-284x284.jpg\" width=\"\" height=\"\" alt=\"\"><\/p>\n<div class=\"text\">\n<h4>Ils lib\u00e8rent<\/h4>\n<p>leur curiosit\u00e9 du monde qui les entoure<\/p>\n<\/p><\/div>\n<\/p><\/div>\n<\/p><\/div>\n<div class=\"col-6 col-md-4 mb-2\">\n<div class=\"blocround\">\n\t\t\t\t\t\t<img decoding=\"async\" class=\"img-fluid\" src=\"https:\/\/www.lfianvers.org\/wp-content\/uploads\/2022\/10\/221010-LFIA-Classrooms-11-284x284.jpg\" width=\"\" height=\"\" alt=\"\"><\/p>\n<div class=\"text\">\n<h4>Ils d\u00e9veloppent<\/h4>\n<p>leur imagination et leur cr\u00e9ativit\u00e9<\/p>\n<\/p><\/div>\n<\/p><\/div>\n<\/p><\/div>\n<\/p><\/div>\n<\/p><\/div>\n<\/div>\n<div class=\"blocmedia blocmedia--textright blocmedia--color2\" id=\"bloc_2_10\">\n<div class=\"container\">\n<div class=\"row\">\n<div class=\"col-12 col-md-6\">\n<div class=\"slider\">\n<div id=\"slider-bloc_2_10\" class=\"flexslider flexslider--blocmedia loading\">\n<ul class=\"slides list-unstyled\">\n<li class=\"slider-li\">\n\t\t\t\t\t\t\t\t\t\t     \t<a data-fancybox=\"rel-slider-bloc_2_10\" data-caption=\"\" href=\"https:\/\/www.lfianvers.org\/wp-content\/uploads\/2022\/10\/221010-LFIA-Classrooms-5-722x564.jpg\"><br \/>\n\t\t\t\t\t\t\t\t\t\t\t\t\t<img decoding=\"async\" class=\"img-fluid\" src=\"https:\/\/www.lfianvers.org\/wp-content\/uploads\/2022\/10\/221010-LFIA-Classrooms-5-722x564.jpg\" width=\"\" height=\"\" alt=\"\"><br \/>\n\t\t\t\t\t\t\t\t\t\t\t\t<\/a>\n\t\t\t\t\t\t\t\t\t\t     <\/li>\n<\/ul><\/div>\n<\/p><\/div>\n<\/p><\/div>\n<div class=\"col-12 col-md-5 d-flex flex-column justify-content-center align-items-start mb-2 mb-md-0\">\n<div class=\"text\">\n<h2><span>mod\u00e8le p\u00e9dagogique<\/span><\/h2>\n<p>C\u2019est dans cet esprit que le Lyc\u00e9e Fran\u00e7ais International d\u2019Anvers a d\u00e9velopp\u00e9 son mod\u00e8le p\u00e9dagogique o\u00f9 l\u2019apprentissage repose sur des s\u00e9quences ludiques et interactives (jeux, chansons, comptines, manipulations d\u2019objets, mises en sc\u00e8ne, visites de mus\u00e9es, etc.). Par ailleurs, notre p\u00e9dagogie positive privil\u00e9gie l\u2019encouragement par des commentaires valorisants et constructifs (y compris en cas d\u2019erreur);<\/p>\n<p>\t\t\t\t\t\t<!-- Changer la classe de couleur du bouton en fonction de la couleur g\u00e9n\u00e9rale du bloc --><\/p>\n<div class=\"bloc_cta\" ><\/div>\n<\/p><\/div>\n<\/p><\/div>\n<\/p><\/div>\n<\/p><\/div>\n<\/div>\n<div class=\"bloctext bloctext--nocolor bloctext--haspattern\" id=\"bloc_6_11\">\n<div class=\"container\">\n<div class=\"row\">\n<div class=\"col-12 col-lg-4 col-xl-3 mb-1\">\n<h2><span>Encadrement scolaire<\/span><\/h2>\n<\/p><\/div>\n<div class=\"col-12 col-lg-8 col-xl-9\">\n<div class=\"text pl-lg-4\">\n<p class=\"p1\">Encadr\u00e9s par les enseignantes, second\u00e9s par des assistantes maternelles, les enfants grandissent et \u00e9voluent dans un cadre rassurant, stimulant et valorisant.<\/p>\n<p class=\"p2\">Toutes les activit\u00e9s de l\u2019\u00e9cole maternelle contribuent au d\u00e9veloppement harmonieux des potentialit\u00e9s de l\u2019enfant.<\/p>\n<p class=\"p2\">L\u2019\u00e9cole maternelle fran\u00e7aise comporte trois niveaux : la petite section (1\u00e8re ann\u00e9e), la moyenne section (2\u00e8me ann\u00e9e) et la grande section (3\u00e8me ann\u00e9e). Les plus jeunes \u00e0 partir de 2 ans et demi peuvent \u00eatre accueillis dans la toute petite section.<\/p>\n<p class=\"p1\">A l\u2019issue de ces trois ann\u00e9es, les enfants auront acquis des bases solides qui vont leur permettre de d\u00e9velopper encore plus de comp\u00e9tences \u00e0 l\u2019\u00e9cole \u00e9l\u00e9mentaire et de poursuivre leur progr\u00e8s au sein de l&rsquo;\u00e9tablissement.<\/p>\n<\/p><\/div>\n<\/p><\/div>\n<\/p><\/div>\n<\/p><\/div>\n<\/div>\n<div class=\"blocinfo blocinfo--color4\" id=\"bloc_10_12\">\n<div class=\"container\">\n<div class=\"row\">\n<div class=\"col-12 col-md-6\">\n<h2><span>D\u00e9marrez son avenir d\u00e8s aujourd\u2019hui !<\/span><\/h2>\n<p>Venez nous rencontrer<\/p>\n<p>\t\t\t\t<!-- Changer la classe de couleur du bouton en fonction de la couleur g\u00e9n\u00e9rale du bloc --><\/p>\n<div class=\"bloc_cta\" >\n\t<a href=\"https:\/\/www.lfianvers.org\/fr\/admissions\/\" title=\"S'inscrire\" target=\"\" class=\"mr-3 btn btn--color4\">S&rsquo;inscrire<\/a> \t\t\t\t<\/div>\n<\/p><\/div>\n<\/p><\/div>\n<\/p><\/div>\n<\/div>\n","protected":false},"excerpt":{"rendered":"<p>Maternelle \u00e9cole maternelle du LFIA L\u2019\u00e9cole maternelle du LFIA propose d&rsquo;accueillir les \u00e9l\u00e8ves \u00e0 partir de l\u2019\u00e2ge de 2 ans [&hellip;]<\/p>\n","protected":false},"author":18,"featured_media":0,"parent":9273,"menu_order":13,"comment_status":"closed","ping_status":"closed","template":"","meta":{"_acf_changed":false,"kdcopypost-origin-url":"","kdcopypost-origin-id":"","footnotes":""},"class_list":["post-9277","page","type-page","status-publish","hentry"],"acf":[],"yoast_head":"<!-- This site is optimized with the Yoast SEO plugin v27.4 - https:\/\/yoast.com\/product\/yoast-seo-wordpress\/ -->\n<title>Maternelle - LFI Anvers<\/title>\n<meta name=\"robots\" content=\"index, follow, max-snippet:-1, max-image-preview:large, max-video-preview:-1\" \/>\n<link rel=\"canonical\" href=\"https:\/\/www.lfianvers.org\/fr\/cursus-scolaire\/maternelle\/\" \/>\n<meta property=\"og:locale\" content=\"fr_FR\" \/>\n<meta property=\"og:type\" content=\"article\" \/>\n<meta property=\"og:title\" content=\"Maternelle - LFI Anvers\" \/>\n<meta property=\"og:description\" content=\"Maternelle \u00e9cole maternelle du LFIA L\u2019\u00e9cole maternelle du LFIA propose d&rsquo;accueillir les \u00e9l\u00e8ves \u00e0 partir de l\u2019\u00e2ge de 2 ans [&hellip;]\" \/>\n<meta property=\"og:url\" content=\"https:\/\/www.lfianvers.org\/fr\/cursus-scolaire\/maternelle\/\" \/>\n<meta property=\"og:site_name\" content=\"LFI Anvers\" \/>\n<meta property=\"article:modified_time\" content=\"2026-03-20T10:38:53+00:00\" \/>\n<meta property=\"og:image\" content=\"https:\/\/www.lfianvers.org\/wp-content\/uploads\/2022\/10\/221010-LFIA-Classrooms-3-284x284.jpg\" \/>\n<meta name=\"twitter:card\" content=\"summary_large_image\" \/>\n<meta name=\"twitter:label1\" content=\"Dur\u00e9e de lecture estim\u00e9e\" \/>\n\t<meta name=\"twitter:data1\" content=\"7 minutes\" \/>\n<script type=\"application\/ld+json\" class=\"yoast-schema-graph\">{\"@context\":\"https:\\\/\\\/schema.org\",\"@graph\":[{\"@type\":\"WebPage\",\"@id\":\"https:\\\/\\\/www.lfianvers.org\\\/fr\\\/cursus-scolaire\\\/maternelle\\\/\",\"url\":\"https:\\\/\\\/www.lfianvers.org\\\/fr\\\/cursus-scolaire\\\/maternelle\\\/\",\"name\":\"Maternelle - LFI Anvers\",\"isPartOf\":{\"@id\":\"https:\\\/\\\/www.lfianvers.org\\\/fr\\\/#website\"},\"primaryImageOfPage\":{\"@id\":\"https:\\\/\\\/www.lfianvers.org\\\/fr\\\/cursus-scolaire\\\/maternelle\\\/#primaryimage\"},\"image\":{\"@id\":\"https:\\\/\\\/www.lfianvers.org\\\/fr\\\/cursus-scolaire\\\/maternelle\\\/#primaryimage\"},\"thumbnailUrl\":\"https:\\\/\\\/www.lfianvers.org\\\/wp-content\\\/uploads\\\/2022\\\/10\\\/221010-LFIA-Classrooms-3-284x284.jpg\",\"datePublished\":\"2022-10-04T12:43:04+00:00\",\"dateModified\":\"2026-03-20T10:38:53+00:00\",\"breadcrumb\":{\"@id\":\"https:\\\/\\\/www.lfianvers.org\\\/fr\\\/cursus-scolaire\\\/maternelle\\\/#breadcrumb\"},\"inLanguage\":\"fr-FR\",\"potentialAction\":[{\"@type\":\"ReadAction\",\"target\":[\"https:\\\/\\\/www.lfianvers.org\\\/fr\\\/cursus-scolaire\\\/maternelle\\\/\"]}]},{\"@type\":\"ImageObject\",\"inLanguage\":\"fr-FR\",\"@id\":\"https:\\\/\\\/www.lfianvers.org\\\/fr\\\/cursus-scolaire\\\/maternelle\\\/#primaryimage\",\"url\":\"https:\\\/\\\/www.lfianvers.org\\\/wp-content\\\/uploads\\\/2022\\\/10\\\/221010-LFIA-Classrooms-3-284x284.jpg\",\"contentUrl\":\"https:\\\/\\\/www.lfianvers.org\\\/wp-content\\\/uploads\\\/2022\\\/10\\\/221010-LFIA-Classrooms-3-284x284.jpg\"},{\"@type\":\"BreadcrumbList\",\"@id\":\"https:\\\/\\\/www.lfianvers.org\\\/fr\\\/cursus-scolaire\\\/maternelle\\\/#breadcrumb\",\"itemListElement\":[{\"@type\":\"ListItem\",\"position\":1,\"name\":\"Accueil\",\"item\":\"https:\\\/\\\/www.lfianvers.org\\\/fr\\\/\"},{\"@type\":\"ListItem\",\"position\":2,\"name\":\"Cursus scolaire\",\"item\":\"https:\\\/\\\/www.lfianvers.org\\\/fr\\\/cursus-scolaire\\\/\"},{\"@type\":\"ListItem\",\"position\":3,\"name\":\"Maternelle\"}]},{\"@type\":\"WebSite\",\"@id\":\"https:\\\/\\\/www.lfianvers.org\\\/fr\\\/#website\",\"url\":\"https:\\\/\\\/www.lfianvers.org\\\/fr\\\/\",\"name\":\"LFI Anvers\",\"description\":\"Lyc\u00e9e fran\u00e7ais international d&#039;Anvers\",\"potentialAction\":[{\"@type\":\"SearchAction\",\"target\":{\"@type\":\"EntryPoint\",\"urlTemplate\":\"https:\\\/\\\/www.lfianvers.org\\\/fr\\\/?s={search_term_string}\"},\"query-input\":{\"@type\":\"PropertyValueSpecification\",\"valueRequired\":true,\"valueName\":\"search_term_string\"}}],\"inLanguage\":\"fr-FR\"}]}<\/script>\n<!-- \/ Yoast SEO plugin. -->","yoast_head_json":{"title":"Maternelle - LFI Anvers","robots":{"index":"index","follow":"follow","max-snippet":"max-snippet:-1","max-image-preview":"max-image-preview:large","max-video-preview":"max-video-preview:-1"},"canonical":"https:\/\/www.lfianvers.org\/fr\/cursus-scolaire\/maternelle\/","og_locale":"fr_FR","og_type":"article","og_title":"Maternelle - LFI Anvers","og_description":"Maternelle \u00e9cole maternelle du LFIA L\u2019\u00e9cole maternelle du LFIA propose d&rsquo;accueillir les \u00e9l\u00e8ves \u00e0 partir de l\u2019\u00e2ge de 2 ans [&hellip;]","og_url":"https:\/\/www.lfianvers.org\/fr\/cursus-scolaire\/maternelle\/","og_site_name":"LFI Anvers","article_modified_time":"2026-03-20T10:38:53+00:00","og_image":[{"url":"https:\/\/www.lfianvers.org\/wp-content\/uploads\/2022\/10\/221010-LFIA-Classrooms-3-284x284.jpg","type":"","width":"","height":""}],"twitter_card":"summary_large_image","twitter_misc":{"Dur\u00e9e de lecture estim\u00e9e":"7 minutes"},"schema":{"@context":"https:\/\/schema.org","@graph":[{"@type":"WebPage","@id":"https:\/\/www.lfianvers.org\/fr\/cursus-scolaire\/maternelle\/","url":"https:\/\/www.lfianvers.org\/fr\/cursus-scolaire\/maternelle\/","name":"Maternelle - LFI Anvers","isPartOf":{"@id":"https:\/\/www.lfianvers.org\/fr\/#website"},"primaryImageOfPage":{"@id":"https:\/\/www.lfianvers.org\/fr\/cursus-scolaire\/maternelle\/#primaryimage"},"image":{"@id":"https:\/\/www.lfianvers.org\/fr\/cursus-scolaire\/maternelle\/#primaryimage"},"thumbnailUrl":"https:\/\/www.lfianvers.org\/wp-content\/uploads\/2022\/10\/221010-LFIA-Classrooms-3-284x284.jpg","datePublished":"2022-10-04T12:43:04+00:00","dateModified":"2026-03-20T10:38:53+00:00","breadcrumb":{"@id":"https:\/\/www.lfianvers.org\/fr\/cursus-scolaire\/maternelle\/#breadcrumb"},"inLanguage":"fr-FR","potentialAction":[{"@type":"ReadAction","target":["https:\/\/www.lfianvers.org\/fr\/cursus-scolaire\/maternelle\/"]}]},{"@type":"ImageObject","inLanguage":"fr-FR","@id":"https:\/\/www.lfianvers.org\/fr\/cursus-scolaire\/maternelle\/#primaryimage","url":"https:\/\/www.lfianvers.org\/wp-content\/uploads\/2022\/10\/221010-LFIA-Classrooms-3-284x284.jpg","contentUrl":"https:\/\/www.lfianvers.org\/wp-content\/uploads\/2022\/10\/221010-LFIA-Classrooms-3-284x284.jpg"},{"@type":"BreadcrumbList","@id":"https:\/\/www.lfianvers.org\/fr\/cursus-scolaire\/maternelle\/#breadcrumb","itemListElement":[{"@type":"ListItem","position":1,"name":"Accueil","item":"https:\/\/www.lfianvers.org\/fr\/"},{"@type":"ListItem","position":2,"name":"Cursus scolaire","item":"https:\/\/www.lfianvers.org\/fr\/cursus-scolaire\/"},{"@type":"ListItem","position":3,"name":"Maternelle"}]},{"@type":"WebSite","@id":"https:\/\/www.lfianvers.org\/fr\/#website","url":"https:\/\/www.lfianvers.org\/fr\/","name":"LFI Anvers","description":"Lyc\u00e9e fran\u00e7ais international d&#039;Anvers","potentialAction":[{"@type":"SearchAction","target":{"@type":"EntryPoint","urlTemplate":"https:\/\/www.lfianvers.org\/fr\/?s={search_term_string}"},"query-input":{"@type":"PropertyValueSpecification","valueRequired":true,"valueName":"search_term_string"}}],"inLanguage":"fr-FR"}]}},"_links":{"self":[{"href":"https:\/\/www.lfianvers.org\/fr\/wp-json\/wp\/v2\/pages\/9277","targetHints":{"allow":["GET"]}}],"collection":[{"href":"https:\/\/www.lfianvers.org\/fr\/wp-json\/wp\/v2\/pages"}],"about":[{"href":"https:\/\/www.lfianvers.org\/fr\/wp-json\/wp\/v2\/types\/page"}],"author":[{"embeddable":true,"href":"https:\/\/www.lfianvers.org\/fr\/wp-json\/wp\/v2\/users\/18"}],"replies":[{"embeddable":true,"href":"https:\/\/www.lfianvers.org\/fr\/wp-json\/wp\/v2\/comments?post=9277"}],"version-history":[{"count":16,"href":"https:\/\/www.lfianvers.org\/fr\/wp-json\/wp\/v2\/pages\/9277\/revisions"}],"predecessor-version":[{"id":15404,"href":"https:\/\/www.lfianvers.org\/fr\/wp-json\/wp\/v2\/pages\/9277\/revisions\/15404"}],"up":[{"embeddable":true,"href":"https:\/\/www.lfianvers.org\/fr\/wp-json\/wp\/v2\/pages\/9273"}],"wp:attachment":[{"href":"https:\/\/www.lfianvers.org\/fr\/wp-json\/wp\/v2\/media?parent=9277"}],"curies":[{"name":"wp","href":"https:\/\/api.w.org\/{rel}","templated":true}]}}