{"id":9265,"date":"2022-10-04T14:40:40","date_gmt":"2022-10-04T12:40:40","guid":{"rendered":"https:\/\/lfia.agencebisart.com\/?page_id=9265"},"modified":"2026-03-20T11:46:13","modified_gmt":"2026-03-20T10:46:13","slug":"pourquoi-lfi-anvers","status":"publish","type":"page","link":"https:\/\/www.lfianvers.org\/fr\/a-propos\/pourquoi-lfi-anvers\/","title":{"rendered":"Pourquoi LFI Anvers ?"},"content":{"rendered":"<p>\t\t\t\t<!-- avec ou sans CTA : m\u00eame code, \u00e7a centre verticalement le texte --><\/p>\n<div class=\"smallheader\" id=\"bloc_small_header_1\">\n<style type=\"text\/css\">\n\t\t\t\t\t\t\t#bloc_small_header_1 {background-image: url(https:\/\/www.lfianvers.org\/wp-content\/uploads\/2022\/10\/221010-LFIA-Spaces-57-610x270.jpg);}\n\t\t\t\t\t\t\t@media (min-width: 480px) {\t#bloc_small_header_1 {background-image: url(https:\/\/www.lfianvers.org\/wp-content\/uploads\/2022\/10\/221010-LFIA-Spaces-57-610x270.jpg);}}\n\t\t\t\t\t\t\t@media (min-width: 768px) {\t#bloc_small_header_1 {background-image: url(https:\/\/www.lfianvers.org\/wp-content\/uploads\/2022\/10\/221010-LFIA-Spaces-57-1024x684.jpg);}}\n\t\t\t\t\t\t\t@media (min-width: 992px) { #bloc_small_header_1 {background-image: url(https:\/\/www.lfianvers.org\/wp-content\/uploads\/2022\/10\/221010-LFIA-Spaces-57-1024x684.jpg);}}\n\t\t\t\t\t\t\t@media (min-width: 1200px) { #bloc_small_header_1 {background-image: url(https:\/\/www.lfianvers.org\/wp-content\/uploads\/2022\/10\/221010-LFIA-Spaces-57-1536x1026.jpg);}}\n\t\t\t\t\t\t<\/style>\n<div class=\"container d-flex flex-column justify-content-center align-items-start\">\n<h1><span>Pourquoi choisir le LFI d&rsquo;Anvers ?<\/span><\/h1>\n<p>Le LFIA, riche d&rsquo;une exp\u00e9rience de plus d&rsquo;un si\u00e8cle, est le seul \u00e9tablissement international fran\u00e7ais de Flandre.<\/p>\n<\/p><\/div>\n<\/p><\/div>\n<div class=\"bloctext bloctext--color2 bloctext--haspattern\" id=\"bloc_6_2\">\n<div class=\"container\">\n<div class=\"row\">\n<div class=\"col-12 col-lg-4 col-xl-3 mb-1\">\n<h2><span>Pour s&rsquo;\u00e9panouir<\/span><\/h2>\n<\/p><\/div>\n<div class=\"col-12 col-lg-8 col-xl-9\">\n<div class=\"text pl-lg-4\">\n<p>Lieu d\u00e9di\u00e9 au savoir, \u00e0 l\u2019apprentissage et \u00e0 l\u2019\u00e9panouissement, le LFIA est un \u00e9tablissement scolaire o\u00f9 chacun, quelle que soit sa position, son origine ou ses convictions, s\u2019engage \u00e0 respecter les principes et les valeurs humanistes de respect, de tol\u00e9rance, de laicit\u00e9 et de bienveillance.<\/p>\n<p><strong>Notre mission est\u00a0:<\/strong><\/p>\n<ul>\n<li>de <strong>transmettre<\/strong> \u00e0 chacun de nos \u00e9l\u00e8ves un corpus de savoirs fondamentaux et une culture g\u00e9n\u00e9rale, piliers du d\u00e9veloppement intellectuel et social<\/li>\n<li>de <strong>d\u00e9velopper<\/strong> des qualit\u00e9s fondamentales telles que le go\u00fbt d\u2019apprendre, le sens de la rigueur, la cr\u00e9ativit\u00e9, l\u2019esprit critique et la curiosit\u00e9<\/li>\n<li>d\u2019<strong>accompagner<\/strong> chaque \u00e9l\u00e8ve dans un parcours de r\u00e9ussite scolaire en misant sur la personnalisation et l\u2019\u00e9panouissement<\/li>\n<li>de <strong>pr\u00e9parer<\/strong> les \u00e9l\u00e8ves aux enjeux de la citoyennet\u00e9 du XXI\u00e8me si\u00e8cle<\/li>\n<li>d\u2019<strong>int\u00e9grer<\/strong> les pratiques artistiques et sportives dans le parcours de r\u00e9ussite scolaire<\/li>\n<li>de <strong>valoriser<\/strong> toutes les formes de talents et le sens de l&rsquo;initiative<\/li>\n<li>de <strong>mettre en avant<\/strong> le travail en coop\u00e9ration<\/li>\n<\/ul><\/div>\n<\/p><\/div>\n<\/p><\/div>\n<\/p><\/div>\n<\/div>\n<div class=\"blocmedia blocmedia--textright blocmedia--nocolor\" id=\"bloc_2_3\">\n<div class=\"container\">\n<div class=\"row\">\n<div class=\"col-12 col-md-6\">\n<div class=\"slider\">\n<div id=\"slider-bloc_2_3\" class=\"flexslider flexslider--blocmedia loading\">\n<ul class=\"slides list-unstyled\">\n<li class=\"slider-li\">\n\t\t\t\t\t\t\t\t\t\t     \t<a data-fancybox=\"rel-slider-bloc_2_3\" data-caption=\"\" href=\"https:\/\/www.lfianvers.org\/wp-content\/uploads\/2022\/10\/221010-LFIA-Classrooms-44-722x564.jpg\"><br \/>\n\t\t\t\t\t\t\t\t\t\t\t\t\t<img decoding=\"async\" class=\"img-fluid\" src=\"https:\/\/www.lfianvers.org\/wp-content\/uploads\/2022\/10\/221010-LFIA-Classrooms-44-722x564.jpg\" width=\"\" height=\"\" alt=\"\"><br \/>\n\t\t\t\t\t\t\t\t\t\t\t\t<\/a>\n\t\t\t\t\t\t\t\t\t\t     <\/li>\n<\/ul><\/div>\n<\/p><\/div>\n<\/p><\/div>\n<div class=\"col-12 col-md-5 d-flex flex-column justify-content-center align-items-start mb-2 mb-md-0\">\n<div class=\"text\">\n<h2><span>Pour partager des valeurs humaines et \u00e9ducatives<\/span><\/h2>\n<p>Respectueux des programmes scolaires et des principes \u00e9ducatifs fran\u00e7ais, le projet \u00e9ducatif du LFI d&rsquo;Anvers repose sur un socle de valeurs et d\u2019objectifs essentiels \u00e0 nos yeux. Formalis\u00e9s dans une Charte des valeurs de l\u2019\u00e9cole que tous nos \u00e9l\u00e8ves et leurs parents signent en guise d\u2019adh\u00e9sion, ces valeurs humaines et \u00e9ducatives installent nos \u00e9l\u00e8ves dans une dynamique de r\u00e9ussite.<\/p>\n<p>\t\t\t\t\t\t<!-- Changer la classe de couleur du bouton en fonction de la couleur g\u00e9n\u00e9rale du bloc --><\/p>\n<div class=\"bloc_cta\" ><\/div>\n<\/p><\/div>\n<\/p><\/div>\n<\/p><\/div>\n<\/p><\/div>\n<\/div>\n<div class=\"cardscolors cardscolors--nocolor\" id=\"bloc_1_4\">\n<div class=\"container\">\n<h2><span>Pour partager une exp\u00e9rience de vie<\/span><\/h2>\n<div class=\"row justify-content-center\">\n<div class=\"col-12 col-sm-6 col-lg-3 mb-2\">\n<div class=\"cardcolor d-flex flex-column\">\n\t\t\t\t\t\t\t<img decoding=\"async\" class=\"img-fluid\" src=\"https:\/\/www.lfianvers.org\/wp-content\/uploads\/2022\/10\/221010-LFIA-Outside-28-372x300.jpg\" width=\"\" height=\"\" alt=\"\"><\/p>\n<div class=\"text d-flex flex-column justify-content-center align-self-stretch\">\n<div class=\"title d-flex flex-column justify-content-center\">\n<h4>Une \u00e9cole fran\u00e7aise<\/h4>\n<\/p><\/div>\n<p>fond\u00e9e sur la langue, la culture et les programmes scolaires fran\u00e7ais<\/p>\n<\/p><\/div>\n<\/p><\/div>\n<\/p><\/div>\n<div class=\"col-12 col-sm-6 col-lg-3 mb-2\">\n<div class=\"cardcolor d-flex flex-column\">\n\t\t\t\t\t\t\t<img decoding=\"async\" class=\"img-fluid\" src=\"https:\/\/www.lfianvers.org\/wp-content\/uploads\/2022\/10\/221010-LFIA-Classrooms-68-372x300.jpg\" width=\"\" height=\"\" alt=\"\"><\/p>\n<div class=\"text d-flex flex-column justify-content-center align-self-stretch\">\n<div class=\"title d-flex flex-column justify-content-center\">\n<h4>Une \u00e9cole internationale<\/h4>\n<\/p><\/div>\n<p>o\u00f9 le plurilinguisme, l\u2019\u00e9change interculturel, l\u2019ouverture sur le monde et l\u2019esprit de dialogue guident les relations humaines<\/p>\n<\/p><\/div>\n<\/p><\/div>\n<\/p><\/div>\n<div class=\"col-12 col-sm-6 col-lg-3 mb-2\">\n<div class=\"cardcolor d-flex flex-column\">\n\t\t\t\t\t\t\t<img decoding=\"async\" class=\"img-fluid\" src=\"https:\/\/www.lfianvers.org\/wp-content\/uploads\/2022\/10\/221010-LFIA-Classrooms-27-372x300.jpg\" width=\"\" height=\"\" alt=\"\"><\/p>\n<div class=\"text d-flex flex-column justify-content-center align-self-stretch\">\n<div class=\"title d-flex flex-column justify-content-center\">\n<h4>Une \u00e9cole qui valorise<\/h4>\n<\/p><\/div>\n<p>la langue et la culture flamande<\/p>\n<\/p><\/div>\n<\/p><\/div>\n<\/p><\/div>\n<\/p><\/div>\n<\/p><\/div>\n<\/div>\n<div class=\"blocinfo blocinfo--color4\" id=\"bloc_10_5\">\n<div class=\"container\">\n<div class=\"row\">\n<div class=\"col-12 col-md-6\">\n<h2><span>D\u00e9marrer son avenir d\u00e8s aujourd&rsquo;hui !<\/span><\/h2>\n<p>Venez nous rencontrer<\/p>\n<p>\t\t\t\t<!-- Changer la classe de couleur du bouton en fonction de la couleur g\u00e9n\u00e9rale du bloc --><\/p>\n<div class=\"bloc_cta\" >\n\t<a href=\"https:\/\/www.lfianvers.org\/fr\/admissions\/\" title=\"S'inscrire\" target=\"\" class=\"mr-3 btn btn--color4\">S&rsquo;inscrire<\/a> \t\t\t\t<\/div>\n<\/p><\/div>\n<\/p><\/div>\n<\/p><\/div>\n<\/div>\n","protected":false},"excerpt":{"rendered":"<p>Pourquoi choisir le LFI d&rsquo;Anvers ? Le LFIA, riche d&rsquo;une exp\u00e9rience de plus d&rsquo;un si\u00e8cle, est le seul \u00e9tablissement international [&hellip;]<\/p>\n","protected":false},"author":18,"featured_media":0,"parent":9259,"menu_order":30,"comment_status":"closed","ping_status":"closed","template":"","meta":{"_acf_changed":false,"kdcopypost-origin-url":"","kdcopypost-origin-id":"","footnotes":""},"class_list":["post-9265","page","type-page","status-publish","hentry"],"acf":[],"yoast_head":"<!-- This site is optimized with the Yoast SEO plugin v27.4 - https:\/\/yoast.com\/product\/yoast-seo-wordpress\/ -->\n<title>Pourquoi LFI Anvers ? - LFI Anvers<\/title>\n<meta name=\"robots\" content=\"index, follow, max-snippet:-1, max-image-preview:large, max-video-preview:-1\" \/>\n<link rel=\"canonical\" href=\"https:\/\/www.lfianvers.org\/fr\/a-propos\/pourquoi-lfi-anvers\/\" \/>\n<meta property=\"og:locale\" content=\"fr_FR\" \/>\n<meta property=\"og:type\" content=\"article\" \/>\n<meta property=\"og:title\" content=\"Pourquoi LFI Anvers ? - LFI Anvers\" \/>\n<meta property=\"og:description\" content=\"Pourquoi choisir le LFI d&rsquo;Anvers ? Le LFIA, riche d&rsquo;une exp\u00e9rience de plus d&rsquo;un si\u00e8cle, est le seul \u00e9tablissement international [&hellip;]\" \/>\n<meta property=\"og:url\" content=\"https:\/\/www.lfianvers.org\/fr\/a-propos\/pourquoi-lfi-anvers\/\" \/>\n<meta property=\"og:site_name\" content=\"LFI Anvers\" \/>\n<meta property=\"article:modified_time\" content=\"2026-03-20T10:46:13+00:00\" \/>\n<meta property=\"og:image\" content=\"https:\/\/www.lfianvers.org\/wp-content\/uploads\/2022\/10\/221010-LFIA-Classrooms-44-722x564.jpg\" \/>\n<meta name=\"twitter:card\" content=\"summary_large_image\" \/>\n<meta name=\"twitter:label1\" content=\"Dur\u00e9e de lecture estim\u00e9e\" \/>\n\t<meta name=\"twitter:data1\" content=\"5 minutes\" \/>\n<script type=\"application\/ld+json\" class=\"yoast-schema-graph\">{\"@context\":\"https:\\\/\\\/schema.org\",\"@graph\":[{\"@type\":\"WebPage\",\"@id\":\"https:\\\/\\\/www.lfianvers.org\\\/fr\\\/a-propos\\\/pourquoi-lfi-anvers\\\/\",\"url\":\"https:\\\/\\\/www.lfianvers.org\\\/fr\\\/a-propos\\\/pourquoi-lfi-anvers\\\/\",\"name\":\"Pourquoi LFI Anvers ? - LFI Anvers\",\"isPartOf\":{\"@id\":\"https:\\\/\\\/www.lfianvers.org\\\/fr\\\/#website\"},\"primaryImageOfPage\":{\"@id\":\"https:\\\/\\\/www.lfianvers.org\\\/fr\\\/a-propos\\\/pourquoi-lfi-anvers\\\/#primaryimage\"},\"image\":{\"@id\":\"https:\\\/\\\/www.lfianvers.org\\\/fr\\\/a-propos\\\/pourquoi-lfi-anvers\\\/#primaryimage\"},\"thumbnailUrl\":\"https:\\\/\\\/www.lfianvers.org\\\/wp-content\\\/uploads\\\/2022\\\/10\\\/221010-LFIA-Classrooms-44-722x564.jpg\",\"datePublished\":\"2022-10-04T12:40:40+00:00\",\"dateModified\":\"2026-03-20T10:46:13+00:00\",\"breadcrumb\":{\"@id\":\"https:\\\/\\\/www.lfianvers.org\\\/fr\\\/a-propos\\\/pourquoi-lfi-anvers\\\/#breadcrumb\"},\"inLanguage\":\"fr-FR\",\"potentialAction\":[{\"@type\":\"ReadAction\",\"target\":[\"https:\\\/\\\/www.lfianvers.org\\\/fr\\\/a-propos\\\/pourquoi-lfi-anvers\\\/\"]}]},{\"@type\":\"ImageObject\",\"inLanguage\":\"fr-FR\",\"@id\":\"https:\\\/\\\/www.lfianvers.org\\\/fr\\\/a-propos\\\/pourquoi-lfi-anvers\\\/#primaryimage\",\"url\":\"https:\\\/\\\/www.lfianvers.org\\\/wp-content\\\/uploads\\\/2022\\\/10\\\/221010-LFIA-Classrooms-44-722x564.jpg\",\"contentUrl\":\"https:\\\/\\\/www.lfianvers.org\\\/wp-content\\\/uploads\\\/2022\\\/10\\\/221010-LFIA-Classrooms-44-722x564.jpg\"},{\"@type\":\"BreadcrumbList\",\"@id\":\"https:\\\/\\\/www.lfianvers.org\\\/fr\\\/a-propos\\\/pourquoi-lfi-anvers\\\/#breadcrumb\",\"itemListElement\":[{\"@type\":\"ListItem\",\"position\":1,\"name\":\"Accueil\",\"item\":\"https:\\\/\\\/www.lfianvers.org\\\/fr\\\/\"},{\"@type\":\"ListItem\",\"position\":2,\"name\":\"\u00c0 propos\",\"item\":\"https:\\\/\\\/www.lfianvers.org\\\/fr\\\/a-propos\\\/\"},{\"@type\":\"ListItem\",\"position\":3,\"name\":\"Pourquoi LFI Anvers ?\"}]},{\"@type\":\"WebSite\",\"@id\":\"https:\\\/\\\/www.lfianvers.org\\\/fr\\\/#website\",\"url\":\"https:\\\/\\\/www.lfianvers.org\\\/fr\\\/\",\"name\":\"LFI Anvers\",\"description\":\"Lyc\u00e9e fran\u00e7ais international d&#039;Anvers\",\"potentialAction\":[{\"@type\":\"SearchAction\",\"target\":{\"@type\":\"EntryPoint\",\"urlTemplate\":\"https:\\\/\\\/www.lfianvers.org\\\/fr\\\/?s={search_term_string}\"},\"query-input\":{\"@type\":\"PropertyValueSpecification\",\"valueRequired\":true,\"valueName\":\"search_term_string\"}}],\"inLanguage\":\"fr-FR\"}]}<\/script>\n<!-- \/ Yoast SEO plugin. -->","yoast_head_json":{"title":"Pourquoi LFI Anvers ? - LFI Anvers","robots":{"index":"index","follow":"follow","max-snippet":"max-snippet:-1","max-image-preview":"max-image-preview:large","max-video-preview":"max-video-preview:-1"},"canonical":"https:\/\/www.lfianvers.org\/fr\/a-propos\/pourquoi-lfi-anvers\/","og_locale":"fr_FR","og_type":"article","og_title":"Pourquoi LFI Anvers ? - LFI Anvers","og_description":"Pourquoi choisir le LFI d&rsquo;Anvers ? Le LFIA, riche d&rsquo;une exp\u00e9rience de plus d&rsquo;un si\u00e8cle, est le seul \u00e9tablissement international [&hellip;]","og_url":"https:\/\/www.lfianvers.org\/fr\/a-propos\/pourquoi-lfi-anvers\/","og_site_name":"LFI Anvers","article_modified_time":"2026-03-20T10:46:13+00:00","og_image":[{"url":"https:\/\/www.lfianvers.org\/wp-content\/uploads\/2022\/10\/221010-LFIA-Classrooms-44-722x564.jpg","type":"","width":"","height":""}],"twitter_card":"summary_large_image","twitter_misc":{"Dur\u00e9e de lecture estim\u00e9e":"5 minutes"},"schema":{"@context":"https:\/\/schema.org","@graph":[{"@type":"WebPage","@id":"https:\/\/www.lfianvers.org\/fr\/a-propos\/pourquoi-lfi-anvers\/","url":"https:\/\/www.lfianvers.org\/fr\/a-propos\/pourquoi-lfi-anvers\/","name":"Pourquoi LFI Anvers ? - LFI Anvers","isPartOf":{"@id":"https:\/\/www.lfianvers.org\/fr\/#website"},"primaryImageOfPage":{"@id":"https:\/\/www.lfianvers.org\/fr\/a-propos\/pourquoi-lfi-anvers\/#primaryimage"},"image":{"@id":"https:\/\/www.lfianvers.org\/fr\/a-propos\/pourquoi-lfi-anvers\/#primaryimage"},"thumbnailUrl":"https:\/\/www.lfianvers.org\/wp-content\/uploads\/2022\/10\/221010-LFIA-Classrooms-44-722x564.jpg","datePublished":"2022-10-04T12:40:40+00:00","dateModified":"2026-03-20T10:46:13+00:00","breadcrumb":{"@id":"https:\/\/www.lfianvers.org\/fr\/a-propos\/pourquoi-lfi-anvers\/#breadcrumb"},"inLanguage":"fr-FR","potentialAction":[{"@type":"ReadAction","target":["https:\/\/www.lfianvers.org\/fr\/a-propos\/pourquoi-lfi-anvers\/"]}]},{"@type":"ImageObject","inLanguage":"fr-FR","@id":"https:\/\/www.lfianvers.org\/fr\/a-propos\/pourquoi-lfi-anvers\/#primaryimage","url":"https:\/\/www.lfianvers.org\/wp-content\/uploads\/2022\/10\/221010-LFIA-Classrooms-44-722x564.jpg","contentUrl":"https:\/\/www.lfianvers.org\/wp-content\/uploads\/2022\/10\/221010-LFIA-Classrooms-44-722x564.jpg"},{"@type":"BreadcrumbList","@id":"https:\/\/www.lfianvers.org\/fr\/a-propos\/pourquoi-lfi-anvers\/#breadcrumb","itemListElement":[{"@type":"ListItem","position":1,"name":"Accueil","item":"https:\/\/www.lfianvers.org\/fr\/"},{"@type":"ListItem","position":2,"name":"\u00c0 propos","item":"https:\/\/www.lfianvers.org\/fr\/a-propos\/"},{"@type":"ListItem","position":3,"name":"Pourquoi LFI Anvers ?"}]},{"@type":"WebSite","@id":"https:\/\/www.lfianvers.org\/fr\/#website","url":"https:\/\/www.lfianvers.org\/fr\/","name":"LFI Anvers","description":"Lyc\u00e9e fran\u00e7ais international d&#039;Anvers","potentialAction":[{"@type":"SearchAction","target":{"@type":"EntryPoint","urlTemplate":"https:\/\/www.lfianvers.org\/fr\/?s={search_term_string}"},"query-input":{"@type":"PropertyValueSpecification","valueRequired":true,"valueName":"search_term_string"}}],"inLanguage":"fr-FR"}]}},"_links":{"self":[{"href":"https:\/\/www.lfianvers.org\/fr\/wp-json\/wp\/v2\/pages\/9265","targetHints":{"allow":["GET"]}}],"collection":[{"href":"https:\/\/www.lfianvers.org\/fr\/wp-json\/wp\/v2\/pages"}],"about":[{"href":"https:\/\/www.lfianvers.org\/fr\/wp-json\/wp\/v2\/types\/page"}],"author":[{"embeddable":true,"href":"https:\/\/www.lfianvers.org\/fr\/wp-json\/wp\/v2\/users\/18"}],"replies":[{"embeddable":true,"href":"https:\/\/www.lfianvers.org\/fr\/wp-json\/wp\/v2\/comments?post=9265"}],"version-history":[{"count":26,"href":"https:\/\/www.lfianvers.org\/fr\/wp-json\/wp\/v2\/pages\/9265\/revisions"}],"predecessor-version":[{"id":15450,"href":"https:\/\/www.lfianvers.org\/fr\/wp-json\/wp\/v2\/pages\/9265\/revisions\/15450"}],"up":[{"embeddable":true,"href":"https:\/\/www.lfianvers.org\/fr\/wp-json\/wp\/v2\/pages\/9259"}],"wp:attachment":[{"href":"https:\/\/www.lfianvers.org\/fr\/wp-json\/wp\/v2\/media?parent=9265"}],"curies":[{"name":"wp","href":"https:\/\/api.w.org\/{rel}","templated":true}]}}