{"id":9263,"date":"2022-10-04T14:40:05","date_gmt":"2022-10-04T12:40:05","guid":{"rendered":"https:\/\/lfia.agencebisart.com\/?page_id=9263"},"modified":"2026-03-20T11:38:31","modified_gmt":"2026-03-20T10:38:31","slug":"notre-histoire","status":"publish","type":"page","link":"https:\/\/www.lfianvers.org\/fr\/a-propos\/notre-histoire\/","title":{"rendered":"Notre histoire"},"content":{"rendered":"<p>\t\t\t\t<!-- avec ou sans CTA : m\u00eame code, \u00e7a centre verticalement le texte --><\/p>\n<div class=\"smallheader\" id=\"bloc_small_header_6\">\n<style type=\"text\/css\">\n\t\t\t\t\t\t\t#bloc_small_header_6 {background-image: url(https:\/\/www.lfianvers.org\/wp-content\/uploads\/2022\/10\/221010-LFIA-Spaces-39-610x270.jpg);}\n\t\t\t\t\t\t\t@media (min-width: 480px) {\t#bloc_small_header_6 {background-image: url(https:\/\/www.lfianvers.org\/wp-content\/uploads\/2022\/10\/221010-LFIA-Spaces-39-610x270.jpg);}}\n\t\t\t\t\t\t\t@media (min-width: 768px) {\t#bloc_small_header_6 {background-image: url(https:\/\/www.lfianvers.org\/wp-content\/uploads\/2022\/10\/221010-LFIA-Spaces-39-1024x684.jpg);}}\n\t\t\t\t\t\t\t@media (min-width: 992px) { #bloc_small_header_6 {background-image: url(https:\/\/www.lfianvers.org\/wp-content\/uploads\/2022\/10\/221010-LFIA-Spaces-39-1024x684.jpg);}}\n\t\t\t\t\t\t\t@media (min-width: 1200px) { #bloc_small_header_6 {background-image: url(https:\/\/www.lfianvers.org\/wp-content\/uploads\/2022\/10\/221010-LFIA-Spaces-39-1536x1026.jpg);}}\n\t\t\t\t\t\t<\/style>\n<div class=\"container d-flex flex-column justify-content-center align-items-start\">\n<h1><span>Notre histoire<\/span><\/h1>\n<\/p><\/div>\n<\/p><\/div>\n<div class=\"bloctext bloctext--nocolor bloctext--haspattern\" id=\"bloc_6_7\">\n<div class=\"container\">\n<div class=\"row\">\n<div class=\"col-12 col-lg-4 col-xl-3 mb-1\">\n<h2><span>R\u00e9seau scolaire Odyssey<\/span><\/h2>\n<\/p><\/div>\n<div class=\"col-12 col-lg-8 col-xl-9\">\n<div class=\"text pl-lg-4\">\n<p>Le groupe Odyssey Education, soutenu par les institutions fran\u00e7aises, s\u2019appuie sur une philosophie qui trouve ses racines dans la tradition d\u2019excellence de l\u2019\u00e9ducation fran\u00e7aise, le plurilinguisme, l\u2019ouverture internationale et l\u2019\u00e9panouissement personnel.<\/p>\n<p>Le Lyc\u00e9e Fran\u00e7ais International \u00e9tait, lors de sa fondation en 1901, un \u00e9tablissement belge d\u2019enseignement francophone connu sous le nom d\u2019Institut Rochez, puis Lyc\u00e9e d\u2019Anvers. Apr\u00e8s la Premi\u00e8re Guerre mondiale, il devient une \u00e9cole de filles appel\u00e9e Coll\u00e8ge Marie-Jos\u00e9. L\u2019\u00e9tablissement\u00a0\u00e9volue ensuite dans le cadre de la refonte de l\u2019enseignement belge au cours des ann\u00e9es 1970.<\/p>\n<\/p><\/div>\n<\/p><\/div>\n<\/p><\/div>\n<\/p><\/div>\n<\/div>\n<div class=\"blocmedia blocmedia--textright blocmedia--color2\" id=\"bloc_2_8\">\n<div class=\"container\">\n<div class=\"row\">\n<div class=\"col-12 col-md-6\">\n<div class=\"slider\">\n<div id=\"slider-bloc_2_8\" class=\"flexslider flexslider--blocmedia loading\">\n<ul class=\"slides list-unstyled\">\n<li class=\"slider-li\">\n\t\t\t\t\t\t\t\t\t\t     \t<a data-fancybox=\"rel-slider-bloc_2_8\" data-caption=\"\" href=\"https:\/\/www.lfianvers.org\/wp-content\/uploads\/2022\/10\/221010-LFIA-Classrooms-70-722x564.jpg\"><br \/>\n\t\t\t\t\t\t\t\t\t\t\t\t\t<img decoding=\"async\" class=\"img-fluid\" src=\"https:\/\/www.lfianvers.org\/wp-content\/uploads\/2022\/10\/221010-LFIA-Classrooms-70-722x564.jpg\" width=\"\" height=\"\" alt=\"\"><br \/>\n\t\t\t\t\t\t\t\t\t\t\t\t<\/a>\n\t\t\t\t\t\t\t\t\t\t     <\/li>\n<\/ul><\/div>\n<\/p><\/div>\n<\/p><\/div>\n<div class=\"col-12 col-md-5 d-flex flex-column justify-content-center align-items-start mb-2 mb-md-0\">\n<div class=\"text\">\n<h2><span>Lyc\u00e9e Fran\u00e7ais International<\/span><\/h2>\n<p>Dans les ann\u00e9es 2000, le lyc\u00e9e belge francophone devient le Lyc\u00e9e Fran\u00e7ais International. Il est alors conventionn\u00e9 \u00e0 l\u2019Agence pour l\u2019Enseignement Fran\u00e7ais \u00e0 l\u2019Etranger (AEFE), qui est garante du respect des programmes et des valeurs de l\u2019enseignement fran\u00e7ais et de la coh\u00e9rence p\u00e9dagogique des Lyc\u00e9es fran\u00e7ais \u00e0 l\u2019\u00e9tranger, \u00e0 travers ses services d\u2019inspection et ses coordinations r\u00e9gionales.<\/p>\n<p>\t\t\t\t\t\t<!-- Changer la classe de couleur du bouton en fonction de la couleur g\u00e9n\u00e9rale du bloc --><\/p>\n<div class=\"bloc_cta\" ><\/div>\n<\/p><\/div>\n<\/p><\/div>\n<\/p><\/div>\n<\/p><\/div>\n<\/div>\n<div class=\"bloctext bloctext--nocolor bloctext--haspattern\" id=\"bloc_6_9\">\n<div class=\"container\">\n<div class=\"row\">\n<div class=\"col-12 col-lg-4 col-xl-3 mb-1\">\n<h2><span>Parcours bilingue <\/span><\/h2>\n<\/p><\/div>\n<div class=\"col-12 col-lg-8 col-xl-9\">\n<div class=\"text pl-lg-4\">\n<p>Le Lyc\u00e9e a men\u00e9 un large travail pour renforcer l\u2019attractivit\u00e9 de son enseignement, en mettant l\u2019accent notamment sur le d\u00e9veloppement d\u2019un parcours bilingue fran\u00e7ais-anglais sur un site propice \u00e0 l\u2019\u00e9panouissement de chaque \u00e9l\u00e8ve\u00a0:<\/p>\n<ul>\n<li>Des salles de classe spacieuses, connect\u00e9es et \u00e9quip\u00e9es d\u2019un mobilier scolaire moderne<\/li>\n<li>Une m\u00e9diath\u00e8que, centre de documentation, con\u00e7ue pour \u00eatre un lieu d\u00e9di\u00e9 \u00e0 la lecture, aux recherches et \u00e0 l\u2019information.<\/li>\n<li>Une salle multisports<\/li>\n<li>Un espace de d\u00e9tente ext\u00e9rieur v\u00e9g\u00e9talis\u00e9<\/li>\n<li>Une salle de restauration<\/li>\n<\/ul><\/div>\n<\/p><\/div>\n<\/p><\/div>\n<\/p><\/div>\n<\/div>\n<div class=\"blocinfo blocinfo--color4\" id=\"bloc_10_10\">\n<div class=\"container\">\n<div class=\"row\">\n<div class=\"col-12 col-md-6\">\n<h2><span>D\u00e9marrer son avenir d\u00e8s aujourd&rsquo;hui !<\/span><\/h2>\n<p>Venez nous rencontrer<\/p>\n<p>\t\t\t\t<!-- Changer la classe de couleur du bouton en fonction de la couleur g\u00e9n\u00e9rale du bloc --><\/p>\n<div class=\"bloc_cta\" >\n\t<a href=\"https:\/\/www.lfianvers.org\/fr\/admissions\/\" title=\"S'inscrire\" target=\"\" class=\"mr-3 btn btn--color4\">S&rsquo;inscrire<\/a> \t\t\t\t<\/div>\n<\/p><\/div>\n<\/p><\/div>\n<\/p><\/div>\n<\/div>\n","protected":false},"excerpt":{"rendered":"<p>Notre histoire R\u00e9seau scolaire Odyssey Le groupe Odyssey Education, soutenu par les institutions fran\u00e7aises, s\u2019appuie sur une philosophie qui trouve [&hellip;]<\/p>\n","protected":false},"author":18,"featured_media":0,"parent":9259,"menu_order":10,"comment_status":"closed","ping_status":"closed","template":"","meta":{"_acf_changed":false,"kdcopypost-origin-url":"","kdcopypost-origin-id":"","footnotes":""},"class_list":["post-9263","page","type-page","status-publish","hentry"],"acf":[],"yoast_head":"<!-- This site is optimized with the Yoast SEO plugin v27.5 - https:\/\/yoast.com\/product\/yoast-seo-wordpress\/ -->\n<title>Notre histoire - LFI Anvers<\/title>\n<meta name=\"robots\" content=\"index, follow, max-snippet:-1, max-image-preview:large, max-video-preview:-1\" \/>\n<link rel=\"canonical\" href=\"https:\/\/www.lfianvers.org\/fr\/a-propos\/notre-histoire\/\" \/>\n<meta property=\"og:locale\" content=\"fr_FR\" \/>\n<meta property=\"og:type\" content=\"article\" \/>\n<meta property=\"og:title\" content=\"Notre histoire - LFI Anvers\" \/>\n<meta property=\"og:description\" content=\"Notre histoire R\u00e9seau scolaire Odyssey Le groupe Odyssey Education, soutenu par les institutions fran\u00e7aises, s\u2019appuie sur une philosophie qui trouve [&hellip;]\" \/>\n<meta property=\"og:url\" content=\"https:\/\/www.lfianvers.org\/fr\/a-propos\/notre-histoire\/\" \/>\n<meta property=\"og:site_name\" content=\"LFI Anvers\" \/>\n<meta property=\"article:modified_time\" content=\"2026-03-20T10:38:31+00:00\" \/>\n<meta property=\"og:image\" content=\"https:\/\/www.lfianvers.org\/wp-content\/uploads\/2022\/10\/221010-LFIA-Classrooms-70-722x564.jpg\" \/>\n<meta name=\"twitter:card\" content=\"summary_large_image\" \/>\n<meta name=\"twitter:label1\" content=\"Dur\u00e9e de lecture estim\u00e9e\" \/>\n\t<meta name=\"twitter:data1\" content=\"4 minutes\" \/>\n<script type=\"application\/ld+json\" class=\"yoast-schema-graph\">{\"@context\":\"https:\\\/\\\/schema.org\",\"@graph\":[{\"@type\":\"WebPage\",\"@id\":\"https:\\\/\\\/www.lfianvers.org\\\/fr\\\/a-propos\\\/notre-histoire\\\/\",\"url\":\"https:\\\/\\\/www.lfianvers.org\\\/fr\\\/a-propos\\\/notre-histoire\\\/\",\"name\":\"Notre histoire - LFI Anvers\",\"isPartOf\":{\"@id\":\"https:\\\/\\\/www.lfianvers.org\\\/fr\\\/#website\"},\"primaryImageOfPage\":{\"@id\":\"https:\\\/\\\/www.lfianvers.org\\\/fr\\\/a-propos\\\/notre-histoire\\\/#primaryimage\"},\"image\":{\"@id\":\"https:\\\/\\\/www.lfianvers.org\\\/fr\\\/a-propos\\\/notre-histoire\\\/#primaryimage\"},\"thumbnailUrl\":\"https:\\\/\\\/www.lfianvers.org\\\/wp-content\\\/uploads\\\/2022\\\/10\\\/221010-LFIA-Classrooms-70-722x564.jpg\",\"datePublished\":\"2022-10-04T12:40:05+00:00\",\"dateModified\":\"2026-03-20T10:38:31+00:00\",\"breadcrumb\":{\"@id\":\"https:\\\/\\\/www.lfianvers.org\\\/fr\\\/a-propos\\\/notre-histoire\\\/#breadcrumb\"},\"inLanguage\":\"fr-FR\",\"potentialAction\":[{\"@type\":\"ReadAction\",\"target\":[\"https:\\\/\\\/www.lfianvers.org\\\/fr\\\/a-propos\\\/notre-histoire\\\/\"]}]},{\"@type\":\"ImageObject\",\"inLanguage\":\"fr-FR\",\"@id\":\"https:\\\/\\\/www.lfianvers.org\\\/fr\\\/a-propos\\\/notre-histoire\\\/#primaryimage\",\"url\":\"https:\\\/\\\/www.lfianvers.org\\\/wp-content\\\/uploads\\\/2022\\\/10\\\/221010-LFIA-Classrooms-70-722x564.jpg\",\"contentUrl\":\"https:\\\/\\\/www.lfianvers.org\\\/wp-content\\\/uploads\\\/2022\\\/10\\\/221010-LFIA-Classrooms-70-722x564.jpg\"},{\"@type\":\"BreadcrumbList\",\"@id\":\"https:\\\/\\\/www.lfianvers.org\\\/fr\\\/a-propos\\\/notre-histoire\\\/#breadcrumb\",\"itemListElement\":[{\"@type\":\"ListItem\",\"position\":1,\"name\":\"Accueil\",\"item\":\"https:\\\/\\\/www.lfianvers.org\\\/fr\\\/\"},{\"@type\":\"ListItem\",\"position\":2,\"name\":\"\u00c0 propos\",\"item\":\"https:\\\/\\\/www.lfianvers.org\\\/fr\\\/a-propos\\\/\"},{\"@type\":\"ListItem\",\"position\":3,\"name\":\"Notre histoire\"}]},{\"@type\":\"WebSite\",\"@id\":\"https:\\\/\\\/www.lfianvers.org\\\/fr\\\/#website\",\"url\":\"https:\\\/\\\/www.lfianvers.org\\\/fr\\\/\",\"name\":\"LFI Anvers\",\"description\":\"Lyc\u00e9e fran\u00e7ais international d&#039;Anvers\",\"potentialAction\":[{\"@type\":\"SearchAction\",\"target\":{\"@type\":\"EntryPoint\",\"urlTemplate\":\"https:\\\/\\\/www.lfianvers.org\\\/fr\\\/?s={search_term_string}\"},\"query-input\":{\"@type\":\"PropertyValueSpecification\",\"valueRequired\":true,\"valueName\":\"search_term_string\"}}],\"inLanguage\":\"fr-FR\"}]}<\/script>\n<!-- \/ Yoast SEO plugin. -->","yoast_head_json":{"title":"Notre histoire - LFI Anvers","robots":{"index":"index","follow":"follow","max-snippet":"max-snippet:-1","max-image-preview":"max-image-preview:large","max-video-preview":"max-video-preview:-1"},"canonical":"https:\/\/www.lfianvers.org\/fr\/a-propos\/notre-histoire\/","og_locale":"fr_FR","og_type":"article","og_title":"Notre histoire - LFI Anvers","og_description":"Notre histoire R\u00e9seau scolaire Odyssey Le groupe Odyssey Education, soutenu par les institutions fran\u00e7aises, s\u2019appuie sur une philosophie qui trouve [&hellip;]","og_url":"https:\/\/www.lfianvers.org\/fr\/a-propos\/notre-histoire\/","og_site_name":"LFI Anvers","article_modified_time":"2026-03-20T10:38:31+00:00","og_image":[{"url":"https:\/\/www.lfianvers.org\/wp-content\/uploads\/2022\/10\/221010-LFIA-Classrooms-70-722x564.jpg","type":"","width":"","height":""}],"twitter_card":"summary_large_image","twitter_misc":{"Dur\u00e9e de lecture estim\u00e9e":"4 minutes"},"schema":{"@context":"https:\/\/schema.org","@graph":[{"@type":"WebPage","@id":"https:\/\/www.lfianvers.org\/fr\/a-propos\/notre-histoire\/","url":"https:\/\/www.lfianvers.org\/fr\/a-propos\/notre-histoire\/","name":"Notre histoire - LFI Anvers","isPartOf":{"@id":"https:\/\/www.lfianvers.org\/fr\/#website"},"primaryImageOfPage":{"@id":"https:\/\/www.lfianvers.org\/fr\/a-propos\/notre-histoire\/#primaryimage"},"image":{"@id":"https:\/\/www.lfianvers.org\/fr\/a-propos\/notre-histoire\/#primaryimage"},"thumbnailUrl":"https:\/\/www.lfianvers.org\/wp-content\/uploads\/2022\/10\/221010-LFIA-Classrooms-70-722x564.jpg","datePublished":"2022-10-04T12:40:05+00:00","dateModified":"2026-03-20T10:38:31+00:00","breadcrumb":{"@id":"https:\/\/www.lfianvers.org\/fr\/a-propos\/notre-histoire\/#breadcrumb"},"inLanguage":"fr-FR","potentialAction":[{"@type":"ReadAction","target":["https:\/\/www.lfianvers.org\/fr\/a-propos\/notre-histoire\/"]}]},{"@type":"ImageObject","inLanguage":"fr-FR","@id":"https:\/\/www.lfianvers.org\/fr\/a-propos\/notre-histoire\/#primaryimage","url":"https:\/\/www.lfianvers.org\/wp-content\/uploads\/2022\/10\/221010-LFIA-Classrooms-70-722x564.jpg","contentUrl":"https:\/\/www.lfianvers.org\/wp-content\/uploads\/2022\/10\/221010-LFIA-Classrooms-70-722x564.jpg"},{"@type":"BreadcrumbList","@id":"https:\/\/www.lfianvers.org\/fr\/a-propos\/notre-histoire\/#breadcrumb","itemListElement":[{"@type":"ListItem","position":1,"name":"Accueil","item":"https:\/\/www.lfianvers.org\/fr\/"},{"@type":"ListItem","position":2,"name":"\u00c0 propos","item":"https:\/\/www.lfianvers.org\/fr\/a-propos\/"},{"@type":"ListItem","position":3,"name":"Notre histoire"}]},{"@type":"WebSite","@id":"https:\/\/www.lfianvers.org\/fr\/#website","url":"https:\/\/www.lfianvers.org\/fr\/","name":"LFI Anvers","description":"Lyc\u00e9e fran\u00e7ais international d&#039;Anvers","potentialAction":[{"@type":"SearchAction","target":{"@type":"EntryPoint","urlTemplate":"https:\/\/www.lfianvers.org\/fr\/?s={search_term_string}"},"query-input":{"@type":"PropertyValueSpecification","valueRequired":true,"valueName":"search_term_string"}}],"inLanguage":"fr-FR"}]}},"_links":{"self":[{"href":"https:\/\/www.lfianvers.org\/fr\/wp-json\/wp\/v2\/pages\/9263","targetHints":{"allow":["GET"]}}],"collection":[{"href":"https:\/\/www.lfianvers.org\/fr\/wp-json\/wp\/v2\/pages"}],"about":[{"href":"https:\/\/www.lfianvers.org\/fr\/wp-json\/wp\/v2\/types\/page"}],"author":[{"embeddable":true,"href":"https:\/\/www.lfianvers.org\/fr\/wp-json\/wp\/v2\/users\/18"}],"replies":[{"embeddable":true,"href":"https:\/\/www.lfianvers.org\/fr\/wp-json\/wp\/v2\/comments?post=9263"}],"version-history":[{"count":12,"href":"https:\/\/www.lfianvers.org\/fr\/wp-json\/wp\/v2\/pages\/9263\/revisions"}],"predecessor-version":[{"id":15398,"href":"https:\/\/www.lfianvers.org\/fr\/wp-json\/wp\/v2\/pages\/9263\/revisions\/15398"}],"up":[{"embeddable":true,"href":"https:\/\/www.lfianvers.org\/fr\/wp-json\/wp\/v2\/pages\/9259"}],"wp:attachment":[{"href":"https:\/\/www.lfianvers.org\/fr\/wp-json\/wp\/v2\/media?parent=9263"}],"curies":[{"name":"wp","href":"https:\/\/api.w.org\/{rel}","templated":true}]}}