{"id":12023,"date":"2023-03-03T13:44:03","date_gmt":"2023-03-03T12:44:03","guid":{"rendered":"https:\/\/www.lfianvers.org\/?page_id=12023"},"modified":"2025-03-05T12:03:55","modified_gmt":"2025-03-05T11:03:55","slug":"familles","status":"publish","type":"page","link":"https:\/\/www.lfianvers.org\/fr\/familles\/","title":{"rendered":"Portail Familles"},"content":{"rendered":"<div class=\"cardscolors cardscolors--nocolor\" id=\"bloc_1_1\">\n<div class=\"container\">\n<div class=\"row mb-2\">\n<div class=\"col-12 col-lg-5 col-xl-4\">\n<h2><span>Portail familles<\/span><\/h2>\n<\/p><\/div>\n<div class=\"col-12 col-lg-7 col-xl-8\">\n<p>Cliquez sur l&rsquo;un des boutons ci-dessous pour acc\u00e9der au module souhait\u00e9<\/p>\n<\/p><\/div>\n<\/p><\/div>\n<div class=\"row justify-content-center\">\n<div class=\"col-12 col-sm-6 col-lg-3 mb-2\">\n<div class=\"cardcolor d-flex flex-column\">\n\t\t\t\t\t\t\t<img decoding=\"async\" class=\"img-fluid\" src=\"https:\/\/www.lfianvers.org\/wp-content\/uploads\/2023\/03\/eduka.png\" width=\"\" height=\"\" alt=\"\"><\/p>\n<div class=\"text d-flex flex-column justify-content-center align-self-stretch\">\n<div class=\"title d-flex flex-column justify-content-center\">\n<h4>Eduka<\/h4>\n<\/p><\/div>\n<p>\t\t\t\t<a href=\"http:\/\/lfanvers.eduka.school\/\" target=\"\" class=\"link\">Acc\u00e9der au module<\/a>\n\t\t\t\t\t<\/div>\n<\/p><\/div>\n<\/p><\/div>\n<div class=\"col-12 col-sm-6 col-lg-3 mb-2\">\n<div class=\"cardcolor d-flex flex-column\">\n\t\t\t\t\t\t\t<img decoding=\"async\" class=\"img-fluid\" src=\"https:\/\/www.lfianvers.org\/wp-content\/uploads\/2023\/03\/one.png\" width=\"\" height=\"\" alt=\"\"><\/p>\n<div class=\"text d-flex flex-column justify-content-center align-self-stretch\">\n<div class=\"title d-flex flex-column justify-content-center\">\n<h4>One<\/h4>\n<\/p><\/div>\n<p>\t\t\t\t<a href=\"https:\/\/one.odyssey.education\/auth\/login?callback=https%3A%2F%2Fone.odyssey.education%2Ftimeline%2Ftimeline#\/\" target=\"\" class=\"link\">Acc\u00e9der au module<\/a>\n\t\t\t\t\t<\/div>\n<\/p><\/div>\n<\/p><\/div>\n<div class=\"col-12 col-sm-6 col-lg-3 mb-2\">\n<div class=\"cardcolor d-flex flex-column\">\n\t\t\t\t\t\t\t<img decoding=\"async\" class=\"img-fluid\" src=\"https:\/\/www.lfianvers.org\/wp-content\/uploads\/2023\/03\/pronote.jpg\" width=\"\" height=\"\" alt=\"\"><\/p>\n<div class=\"text d-flex flex-column justify-content-center align-self-stretch\">\n<div class=\"title d-flex flex-column justify-content-center\">\n<h4>Pronote<\/h4>\n<\/p><\/div>\n<p>\t\t\t\t<a href=\"https:\/\/1310035b.index-education.net\/pronote\/\" target=\"\" class=\"link\">Acc\u00e9der au module<\/a>\n\t\t\t\t\t<\/div>\n<\/p><\/div>\n<\/p><\/div>\n<\/p><\/div>\n<\/p><\/div>\n<\/div>\n","protected":false},"excerpt":{"rendered":"<p>Portail familles Cliquez sur l&rsquo;un des boutons ci-dessous pour acc\u00e9der au module souhait\u00e9 Eduka Acc\u00e9der au module One Acc\u00e9der au [&hellip;]<\/p>\n","protected":false},"author":12,"featured_media":0,"parent":0,"menu_order":80,"comment_status":"closed","ping_status":"closed","template":"","meta":{"_acf_changed":false,"kdcopypost-origin-url":"","kdcopypost-origin-id":"","footnotes":""},"class_list":["post-12023","page","type-page","status-publish","hentry"],"acf":[],"yoast_head":"<!-- This site is optimized with the Yoast SEO plugin v27.4 - https:\/\/yoast.com\/product\/yoast-seo-wordpress\/ -->\n<title>Portail Familles - LFI Anvers<\/title>\n<meta name=\"description\" content=\"Eduka, One, Pronote\" \/>\n<meta name=\"robots\" content=\"index, follow, max-snippet:-1, max-image-preview:large, max-video-preview:-1\" \/>\n<link rel=\"canonical\" href=\"https:\/\/www.lfianvers.org\/fr\/familles\/\" \/>\n<meta property=\"og:locale\" content=\"fr_FR\" \/>\n<meta property=\"og:type\" content=\"article\" \/>\n<meta property=\"og:title\" content=\"Portail Familles - LFI Anvers\" \/>\n<meta property=\"og:description\" content=\"Eduka, One, Pronote\" \/>\n<meta property=\"og:url\" content=\"https:\/\/www.lfianvers.org\/fr\/familles\/\" \/>\n<meta property=\"og:site_name\" content=\"LFI Anvers\" \/>\n<meta property=\"article:modified_time\" content=\"2025-03-05T11:03:55+00:00\" \/>\n<meta property=\"og:image\" content=\"https:\/\/www.lfianvers.org\/wp-content\/uploads\/2023\/03\/eduka.png\" \/>\n<meta name=\"twitter:card\" content=\"summary_large_image\" \/>\n<meta name=\"twitter:label1\" content=\"Dur\u00e9e de lecture estim\u00e9e\" \/>\n\t<meta name=\"twitter:data1\" content=\"2 minutes\" \/>\n<script type=\"application\/ld+json\" class=\"yoast-schema-graph\">{\"@context\":\"https:\\\/\\\/schema.org\",\"@graph\":[{\"@type\":\"WebPage\",\"@id\":\"https:\\\/\\\/www.lfianvers.org\\\/fr\\\/familles\\\/\",\"url\":\"https:\\\/\\\/www.lfianvers.org\\\/fr\\\/familles\\\/\",\"name\":\"Portail Familles - LFI Anvers\",\"isPartOf\":{\"@id\":\"https:\\\/\\\/www.lfianvers.org\\\/fr\\\/#website\"},\"primaryImageOfPage\":{\"@id\":\"https:\\\/\\\/www.lfianvers.org\\\/fr\\\/familles\\\/#primaryimage\"},\"image\":{\"@id\":\"https:\\\/\\\/www.lfianvers.org\\\/fr\\\/familles\\\/#primaryimage\"},\"thumbnailUrl\":\"https:\\\/\\\/www.lfianvers.org\\\/wp-content\\\/uploads\\\/2023\\\/03\\\/eduka.png\",\"datePublished\":\"2023-03-03T12:44:03+00:00\",\"dateModified\":\"2025-03-05T11:03:55+00:00\",\"description\":\"Eduka, One, Pronote\",\"breadcrumb\":{\"@id\":\"https:\\\/\\\/www.lfianvers.org\\\/fr\\\/familles\\\/#breadcrumb\"},\"inLanguage\":\"fr-FR\",\"potentialAction\":[{\"@type\":\"ReadAction\",\"target\":[\"https:\\\/\\\/www.lfianvers.org\\\/fr\\\/familles\\\/\"]}]},{\"@type\":\"ImageObject\",\"inLanguage\":\"fr-FR\",\"@id\":\"https:\\\/\\\/www.lfianvers.org\\\/fr\\\/familles\\\/#primaryimage\",\"url\":\"https:\\\/\\\/www.lfianvers.org\\\/wp-content\\\/uploads\\\/2023\\\/03\\\/eduka.png\",\"contentUrl\":\"https:\\\/\\\/www.lfianvers.org\\\/wp-content\\\/uploads\\\/2023\\\/03\\\/eduka.png\"},{\"@type\":\"BreadcrumbList\",\"@id\":\"https:\\\/\\\/www.lfianvers.org\\\/fr\\\/familles\\\/#breadcrumb\",\"itemListElement\":[{\"@type\":\"ListItem\",\"position\":1,\"name\":\"Accueil\",\"item\":\"https:\\\/\\\/www.lfianvers.org\\\/fr\\\/\"},{\"@type\":\"ListItem\",\"position\":2,\"name\":\"Portail Familles\"}]},{\"@type\":\"WebSite\",\"@id\":\"https:\\\/\\\/www.lfianvers.org\\\/fr\\\/#website\",\"url\":\"https:\\\/\\\/www.lfianvers.org\\\/fr\\\/\",\"name\":\"LFI Anvers\",\"description\":\"Lyc\u00e9e fran\u00e7ais international d&#039;Anvers\",\"potentialAction\":[{\"@type\":\"SearchAction\",\"target\":{\"@type\":\"EntryPoint\",\"urlTemplate\":\"https:\\\/\\\/www.lfianvers.org\\\/fr\\\/?s={search_term_string}\"},\"query-input\":{\"@type\":\"PropertyValueSpecification\",\"valueRequired\":true,\"valueName\":\"search_term_string\"}}],\"inLanguage\":\"fr-FR\"}]}<\/script>\n<!-- \/ Yoast SEO plugin. -->","yoast_head_json":{"title":"Portail Familles - LFI Anvers","description":"Eduka, One, Pronote","robots":{"index":"index","follow":"follow","max-snippet":"max-snippet:-1","max-image-preview":"max-image-preview:large","max-video-preview":"max-video-preview:-1"},"canonical":"https:\/\/www.lfianvers.org\/fr\/familles\/","og_locale":"fr_FR","og_type":"article","og_title":"Portail Familles - LFI Anvers","og_description":"Eduka, One, Pronote","og_url":"https:\/\/www.lfianvers.org\/fr\/familles\/","og_site_name":"LFI Anvers","article_modified_time":"2025-03-05T11:03:55+00:00","og_image":[{"url":"https:\/\/www.lfianvers.org\/wp-content\/uploads\/2023\/03\/eduka.png","type":"","width":"","height":""}],"twitter_card":"summary_large_image","twitter_misc":{"Dur\u00e9e de lecture estim\u00e9e":"2 minutes"},"schema":{"@context":"https:\/\/schema.org","@graph":[{"@type":"WebPage","@id":"https:\/\/www.lfianvers.org\/fr\/familles\/","url":"https:\/\/www.lfianvers.org\/fr\/familles\/","name":"Portail Familles - LFI Anvers","isPartOf":{"@id":"https:\/\/www.lfianvers.org\/fr\/#website"},"primaryImageOfPage":{"@id":"https:\/\/www.lfianvers.org\/fr\/familles\/#primaryimage"},"image":{"@id":"https:\/\/www.lfianvers.org\/fr\/familles\/#primaryimage"},"thumbnailUrl":"https:\/\/www.lfianvers.org\/wp-content\/uploads\/2023\/03\/eduka.png","datePublished":"2023-03-03T12:44:03+00:00","dateModified":"2025-03-05T11:03:55+00:00","description":"Eduka, One, Pronote","breadcrumb":{"@id":"https:\/\/www.lfianvers.org\/fr\/familles\/#breadcrumb"},"inLanguage":"fr-FR","potentialAction":[{"@type":"ReadAction","target":["https:\/\/www.lfianvers.org\/fr\/familles\/"]}]},{"@type":"ImageObject","inLanguage":"fr-FR","@id":"https:\/\/www.lfianvers.org\/fr\/familles\/#primaryimage","url":"https:\/\/www.lfianvers.org\/wp-content\/uploads\/2023\/03\/eduka.png","contentUrl":"https:\/\/www.lfianvers.org\/wp-content\/uploads\/2023\/03\/eduka.png"},{"@type":"BreadcrumbList","@id":"https:\/\/www.lfianvers.org\/fr\/familles\/#breadcrumb","itemListElement":[{"@type":"ListItem","position":1,"name":"Accueil","item":"https:\/\/www.lfianvers.org\/fr\/"},{"@type":"ListItem","position":2,"name":"Portail Familles"}]},{"@type":"WebSite","@id":"https:\/\/www.lfianvers.org\/fr\/#website","url":"https:\/\/www.lfianvers.org\/fr\/","name":"LFI Anvers","description":"Lyc\u00e9e fran\u00e7ais international d&#039;Anvers","potentialAction":[{"@type":"SearchAction","target":{"@type":"EntryPoint","urlTemplate":"https:\/\/www.lfianvers.org\/fr\/?s={search_term_string}"},"query-input":{"@type":"PropertyValueSpecification","valueRequired":true,"valueName":"search_term_string"}}],"inLanguage":"fr-FR"}]}},"_links":{"self":[{"href":"https:\/\/www.lfianvers.org\/fr\/wp-json\/wp\/v2\/pages\/12023","targetHints":{"allow":["GET"]}}],"collection":[{"href":"https:\/\/www.lfianvers.org\/fr\/wp-json\/wp\/v2\/pages"}],"about":[{"href":"https:\/\/www.lfianvers.org\/fr\/wp-json\/wp\/v2\/types\/page"}],"author":[{"embeddable":true,"href":"https:\/\/www.lfianvers.org\/fr\/wp-json\/wp\/v2\/users\/12"}],"replies":[{"embeddable":true,"href":"https:\/\/www.lfianvers.org\/fr\/wp-json\/wp\/v2\/comments?post=12023"}],"version-history":[{"count":31,"href":"https:\/\/www.lfianvers.org\/fr\/wp-json\/wp\/v2\/pages\/12023\/revisions"}],"predecessor-version":[{"id":14843,"href":"https:\/\/www.lfianvers.org\/fr\/wp-json\/wp\/v2\/pages\/12023\/revisions\/14843"}],"wp:attachment":[{"href":"https:\/\/www.lfianvers.org\/fr\/wp-json\/wp\/v2\/media?parent=12023"}],"curies":[{"name":"wp","href":"https:\/\/api.w.org\/{rel}","templated":true}]}}