{"id":11967,"date":"2023-02-22T15:27:21","date_gmt":"2023-02-22T14:27:21","guid":{"rendered":"https:\/\/www.lfianvers.org\/?page_id=11967"},"modified":"2025-01-07T20:44:24","modified_gmt":"2025-01-07T19:44:24","slug":"nos-professeurs","status":"publish","type":"page","link":"https:\/\/www.lfianvers.org\/fr\/community\/nos-professeurs\/","title":{"rendered":"Nos professeurs"},"content":{"rendered":"<div class=\"blocmedia blocmedia--textright blocmedia--nocolor\" id=\"bloc_2_1\">\n<div class=\"container\">\n<div class=\"row\">\n<div class=\"col-12 col-md-6\">\n<p><!-- code https:\/\/player.vimeo.com\/video\/800542891?dnt=1&amp;app_id=122963-->\t\t<\/p>\n<div class=\"video\">\n<div class=\"embed-responsive embed-responsive-4by3\"><iframe loading=\"lazy\" title=\"LFIA - Maternelle\" src=\"https:\/\/player.vimeo.com\/video\/800542891?dnt=1&amp;app_id=122963&#038;version=3&#038;loop=1&#038;controls=1&#038;playsinline=1&#038;title=0&#038;portrait=0&#038;author_name=0&#038;rel=0\" width=\"900\" height=\"506\" frameborder=\"0\" allow=\"autoplay; fullscreen; picture-in-picture; clipboard-write; encrypted-media\" frameborder=\"0\"><\/iframe><\/div>\n<\/p><\/div>\n<\/p><\/div>\n<div class=\"col-12 col-md-5 d-flex flex-column justify-content-center align-items-start mb-2 mb-md-0\">\n<div class=\"text\">\n<h2><span>Victoria Fletcher, professeure d&rsquo;anglais<\/span><\/h2>\n<p>Victoria Fletcher enseigne en GS et au CP. Elle s&rsquo;occupe \u00e9galement du programme \u00ab\u00a0Passerelle\u00a0\u00bb anglais, qui permet aux \u00e9l\u00e8ves non-anglophones d&rsquo;int\u00e9grer rapidement les \u00e9l\u00e9ments lingistiques basiques. Professeure dynamique et bienveillante, elle nous livre sa vision de l&rsquo;enseignement.<\/p>\n<p>\t\t\t\t\t\t<!-- Changer la classe de couleur du bouton en fonction de la couleur g\u00e9n\u00e9rale du bloc --><\/p>\n<div class=\"bloc_cta\" ><\/div>\n<\/p><\/div>\n<\/p><\/div>\n<\/p><\/div>\n<\/p><\/div>\n<\/div>\n<div class=\"blocmedia blocmedia--textleft blocmedia--color1\" id=\"bloc_2_2\">\n<div class=\"container\">\n<div class=\"row\">\n<div class=\"col-12 col-md-6\">\n<p><!-- code IyCms32fPLI&enablejsapi=1&origin=https:\/\/www.lfianvers.org-->\t\t<\/p>\n<div class=\"video\">\n<div class=\"embed-responsive embed-responsive-4by3\"><iframe loading=\"lazy\" title=\"Ateliers philos\" width=\"900\" height=\"506\" src=\"https:\/\/www.youtube.com\/embed\/IyCms32fPLI?feature=oembed&#038;enablejsapi=1&#038;origin=https%3A%2F%2Fwww.lfianvers.org&#038;version=3&#038;loop=1&#038;controls=1&#038;playsinline=1&#038;title=0&#038;portrait=0&#038;author_name=0&#038;rel=0\" frameborder=\"0\" allow=\"accelerometer; autoplay; clipboard-write; encrypted-media; gyroscope; picture-in-picture; web-share\" referrerpolicy=\"strict-origin-when-cross-origin\" allowfullscreen frameborder=\"0\"><\/iframe><\/div>\n<\/p><\/div>\n<\/p><\/div>\n<div class=\"col-12 col-md-5 d-flex flex-column justify-content-center align-items-start mb-2 mb-md-0\">\n<div class=\"text\">\n<h2><span>Muriel Philippe, professeure documentaliste<\/span><\/h2>\n<p>Muriel Philippe, professeure documentaliste du LFIA depuis de nombreuses ann\u00e9es, anime des ateliers tr\u00e8s appr\u00e9ci\u00e9s par nos \u00e9l\u00e8ves : les ateliers philosophiques. <\/p>\n<p>\t\t\t\t\t\t<!-- Changer la classe de couleur du bouton en fonction de la couleur g\u00e9n\u00e9rale du bloc --><\/p>\n<div class=\"bloc_cta\" >\n<p><a class=\"btn btn--color1\" href=\"https:\/\/www.lfianvers.org\/fr\/2023\/03\/07\/les-ateliers-philos-du-lfia\/\" target=\"\">Lire la suite&#8230;<\/a>\t\t\t\t\t<\/div>\n<\/p><\/div>\n<\/p><\/div>\n<\/p><\/div>\n<\/p><\/div>\n<\/div>\n","protected":false},"excerpt":{"rendered":"<p>Victoria Fletcher, professeure d&rsquo;anglais Victoria Fletcher enseigne en GS et au CP. Elle s&rsquo;occupe \u00e9galement du programme \u00ab\u00a0Passerelle\u00a0\u00bb anglais, qui [&hellip;]<\/p>\n","protected":false},"author":12,"featured_media":0,"parent":9307,"menu_order":0,"comment_status":"closed","ping_status":"closed","template":"","meta":{"_acf_changed":false,"kdcopypost-origin-url":"","kdcopypost-origin-id":"","footnotes":""},"class_list":["post-11967","page","type-page","status-publish","hentry"],"acf":[],"yoast_head":"<!-- This site is optimized with the Yoast SEO plugin v27.5 - https:\/\/yoast.com\/product\/yoast-seo-wordpress\/ -->\n<title>Nos professeurs - LFI Anvers<\/title>\n<meta name=\"robots\" content=\"index, follow, max-snippet:-1, max-image-preview:large, max-video-preview:-1\" \/>\n<link rel=\"canonical\" href=\"https:\/\/www.lfianvers.org\/fr\/community\/nos-professeurs\/\" \/>\n<meta property=\"og:locale\" content=\"fr_FR\" \/>\n<meta property=\"og:type\" content=\"article\" \/>\n<meta property=\"og:title\" content=\"Nos professeurs - LFI Anvers\" \/>\n<meta property=\"og:description\" content=\"Victoria Fletcher, professeure d&rsquo;anglais Victoria Fletcher enseigne en GS et au CP. Elle s&rsquo;occupe \u00e9galement du programme \u00ab\u00a0Passerelle\u00a0\u00bb anglais, qui [&hellip;]\" \/>\n<meta property=\"og:url\" content=\"https:\/\/www.lfianvers.org\/fr\/community\/nos-professeurs\/\" \/>\n<meta property=\"og:site_name\" content=\"LFI Anvers\" \/>\n<meta property=\"article:modified_time\" content=\"2025-01-07T19:44:24+00:00\" \/>\n<meta name=\"twitter:card\" content=\"summary_large_image\" \/>\n<meta name=\"twitter:label1\" content=\"Dur\u00e9e de lecture estim\u00e9e\" \/>\n\t<meta name=\"twitter:data1\" content=\"1 minute\" \/>\n<script type=\"application\/ld+json\" class=\"yoast-schema-graph\">{\"@context\":\"https:\\\/\\\/schema.org\",\"@graph\":[{\"@type\":\"WebPage\",\"@id\":\"https:\\\/\\\/www.lfianvers.org\\\/fr\\\/community\\\/nos-professeurs\\\/\",\"url\":\"https:\\\/\\\/www.lfianvers.org\\\/fr\\\/community\\\/nos-professeurs\\\/\",\"name\":\"Nos professeurs - LFI Anvers\",\"isPartOf\":{\"@id\":\"https:\\\/\\\/www.lfianvers.org\\\/fr\\\/#website\"},\"datePublished\":\"2023-02-22T14:27:21+00:00\",\"dateModified\":\"2025-01-07T19:44:24+00:00\",\"breadcrumb\":{\"@id\":\"https:\\\/\\\/www.lfianvers.org\\\/fr\\\/community\\\/nos-professeurs\\\/#breadcrumb\"},\"inLanguage\":\"fr-FR\",\"potentialAction\":[{\"@type\":\"ReadAction\",\"target\":[\"https:\\\/\\\/www.lfianvers.org\\\/fr\\\/community\\\/nos-professeurs\\\/\"]}]},{\"@type\":\"BreadcrumbList\",\"@id\":\"https:\\\/\\\/www.lfianvers.org\\\/fr\\\/community\\\/nos-professeurs\\\/#breadcrumb\",\"itemListElement\":[{\"@type\":\"ListItem\",\"position\":1,\"name\":\"Accueil\",\"item\":\"https:\\\/\\\/www.lfianvers.org\\\/fr\\\/\"},{\"@type\":\"ListItem\",\"position\":2,\"name\":\"Notre communaut\u00e9\",\"item\":\"https:\\\/\\\/www.lfianvers.org\\\/fr\\\/community\\\/\"},{\"@type\":\"ListItem\",\"position\":3,\"name\":\"Nos professeurs\"}]},{\"@type\":\"WebSite\",\"@id\":\"https:\\\/\\\/www.lfianvers.org\\\/fr\\\/#website\",\"url\":\"https:\\\/\\\/www.lfianvers.org\\\/fr\\\/\",\"name\":\"LFI Anvers\",\"description\":\"Lyc\u00e9e fran\u00e7ais international d&#039;Anvers\",\"potentialAction\":[{\"@type\":\"SearchAction\",\"target\":{\"@type\":\"EntryPoint\",\"urlTemplate\":\"https:\\\/\\\/www.lfianvers.org\\\/fr\\\/?s={search_term_string}\"},\"query-input\":{\"@type\":\"PropertyValueSpecification\",\"valueRequired\":true,\"valueName\":\"search_term_string\"}}],\"inLanguage\":\"fr-FR\"}]}<\/script>\n<!-- \/ Yoast SEO plugin. -->","yoast_head_json":{"title":"Nos professeurs - LFI Anvers","robots":{"index":"index","follow":"follow","max-snippet":"max-snippet:-1","max-image-preview":"max-image-preview:large","max-video-preview":"max-video-preview:-1"},"canonical":"https:\/\/www.lfianvers.org\/fr\/community\/nos-professeurs\/","og_locale":"fr_FR","og_type":"article","og_title":"Nos professeurs - LFI Anvers","og_description":"Victoria Fletcher, professeure d&rsquo;anglais Victoria Fletcher enseigne en GS et au CP. Elle s&rsquo;occupe \u00e9galement du programme \u00ab\u00a0Passerelle\u00a0\u00bb anglais, qui [&hellip;]","og_url":"https:\/\/www.lfianvers.org\/fr\/community\/nos-professeurs\/","og_site_name":"LFI Anvers","article_modified_time":"2025-01-07T19:44:24+00:00","twitter_card":"summary_large_image","twitter_misc":{"Dur\u00e9e de lecture estim\u00e9e":"1 minute"},"schema":{"@context":"https:\/\/schema.org","@graph":[{"@type":"WebPage","@id":"https:\/\/www.lfianvers.org\/fr\/community\/nos-professeurs\/","url":"https:\/\/www.lfianvers.org\/fr\/community\/nos-professeurs\/","name":"Nos professeurs - LFI Anvers","isPartOf":{"@id":"https:\/\/www.lfianvers.org\/fr\/#website"},"datePublished":"2023-02-22T14:27:21+00:00","dateModified":"2025-01-07T19:44:24+00:00","breadcrumb":{"@id":"https:\/\/www.lfianvers.org\/fr\/community\/nos-professeurs\/#breadcrumb"},"inLanguage":"fr-FR","potentialAction":[{"@type":"ReadAction","target":["https:\/\/www.lfianvers.org\/fr\/community\/nos-professeurs\/"]}]},{"@type":"BreadcrumbList","@id":"https:\/\/www.lfianvers.org\/fr\/community\/nos-professeurs\/#breadcrumb","itemListElement":[{"@type":"ListItem","position":1,"name":"Accueil","item":"https:\/\/www.lfianvers.org\/fr\/"},{"@type":"ListItem","position":2,"name":"Notre communaut\u00e9","item":"https:\/\/www.lfianvers.org\/fr\/community\/"},{"@type":"ListItem","position":3,"name":"Nos professeurs"}]},{"@type":"WebSite","@id":"https:\/\/www.lfianvers.org\/fr\/#website","url":"https:\/\/www.lfianvers.org\/fr\/","name":"LFI Anvers","description":"Lyc\u00e9e fran\u00e7ais international d&#039;Anvers","potentialAction":[{"@type":"SearchAction","target":{"@type":"EntryPoint","urlTemplate":"https:\/\/www.lfianvers.org\/fr\/?s={search_term_string}"},"query-input":{"@type":"PropertyValueSpecification","valueRequired":true,"valueName":"search_term_string"}}],"inLanguage":"fr-FR"}]}},"_links":{"self":[{"href":"https:\/\/www.lfianvers.org\/fr\/wp-json\/wp\/v2\/pages\/11967","targetHints":{"allow":["GET"]}}],"collection":[{"href":"https:\/\/www.lfianvers.org\/fr\/wp-json\/wp\/v2\/pages"}],"about":[{"href":"https:\/\/www.lfianvers.org\/fr\/wp-json\/wp\/v2\/types\/page"}],"author":[{"embeddable":true,"href":"https:\/\/www.lfianvers.org\/fr\/wp-json\/wp\/v2\/users\/12"}],"replies":[{"embeddable":true,"href":"https:\/\/www.lfianvers.org\/fr\/wp-json\/wp\/v2\/comments?post=11967"}],"version-history":[{"count":31,"href":"https:\/\/www.lfianvers.org\/fr\/wp-json\/wp\/v2\/pages\/11967\/revisions"}],"predecessor-version":[{"id":14696,"href":"https:\/\/www.lfianvers.org\/fr\/wp-json\/wp\/v2\/pages\/11967\/revisions\/14696"}],"up":[{"embeddable":true,"href":"https:\/\/www.lfianvers.org\/fr\/wp-json\/wp\/v2\/pages\/9307"}],"wp:attachment":[{"href":"https:\/\/www.lfianvers.org\/fr\/wp-json\/wp\/v2\/media?parent=11967"}],"curies":[{"name":"wp","href":"https:\/\/api.w.org\/{rel}","templated":true}]}}