{"id":9801,"date":"2022-10-04T14:43:45","date_gmt":"2022-10-04T12:43:45","guid":{"rendered":"https:\/\/lfia.agencebisart.com\/cursus-scolaire\/elementaire\/"},"modified":"2026-03-20T11:42:04","modified_gmt":"2026-03-20T10:42:04","slug":"primary-school","status":"publish","type":"page","link":"https:\/\/www.lfianvers.org\/en\/school-curriculum\/primary-school\/","title":{"rendered":"Primary school"},"content":{"rendered":"<p>\t\t\t\t<!-- avec ou sans CTA : m\u00eame code, \u00e7a centre verticalement le texte --><\/p>\n<div class=\"smallheader\" id=\"bloc_small_header_9\">\n<style type=\"text\/css\">\n\t\t\t\t\t\t\t#bloc_small_header_9 {background-image: url(https:\/\/www.lfianvers.org\/wp-content\/uploads\/2022\/10\/221010-LFIA-Classrooms-68-610x270.jpg);}\n\t\t\t\t\t\t\t@media (min-width: 480px) {\t#bloc_small_header_9 {background-image: url(https:\/\/www.lfianvers.org\/wp-content\/uploads\/2022\/10\/221010-LFIA-Classrooms-68-610x270.jpg);}}\n\t\t\t\t\t\t\t@media (min-width: 768px) {\t#bloc_small_header_9 {background-image: url(https:\/\/www.lfianvers.org\/wp-content\/uploads\/2022\/10\/221010-LFIA-Classrooms-68-1024x684.jpg);}}\n\t\t\t\t\t\t\t@media (min-width: 992px) { #bloc_small_header_9 {background-image: url(https:\/\/www.lfianvers.org\/wp-content\/uploads\/2022\/10\/221010-LFIA-Classrooms-68-1024x684.jpg);}}\n\t\t\t\t\t\t\t@media (min-width: 1200px) { #bloc_small_header_9 {background-image: url(https:\/\/www.lfianvers.org\/wp-content\/uploads\/2022\/10\/221010-LFIA-Classrooms-68-1536x1026.jpg);}}\n\t\t\t\t\t\t<\/style>\n<div class=\"container d-flex flex-column justify-content-center align-items-start\">\n<h1><span>Primary school<\/span><\/h1>\n<\/p><\/div>\n<\/p><\/div>\n<div class=\"bloctext bloctext--color2 bloctext--haspattern\" id=\"bloc_6_10\">\n<div class=\"container\">\n<div class=\"row\">\n<div class=\"col-12 col-lg-4 col-xl-3 mb-1\">\n<h2><span>\u00e9cole \u00e9l\u00e9mentaire du LFIA<\/span><\/h2>\n<\/p><\/div>\n<div class=\"col-12 col-lg-8 col-xl-9\">\n<div class=\"text pl-lg-4\">\n<p class=\"p1\">The primary school includes classes from the first to the fifth year . The fundamental learning cycle spans from first to fifth year and the beginning of the deepening knowledge cycle from fourth year to sixth year.<span class=\"Apple-converted-space\">\u00a0 <\/span>The goal here is to acquire a solid foundation in the subjects covered by the French Ministry of Education.<\/p>\n<\/p><\/div>\n<\/p><\/div>\n<\/p><\/div>\n<\/p><\/div>\n<\/div>\n<div class=\"cardscolors cardscolors--nocolor\" id=\"bloc_1_11\">\n<div class=\"container\">\n<h2><span>Cours Pr\u00e9paratoire<\/span><\/h2>\n<div class=\"row justify-content-center\">\n<div class=\"col-12 col-sm-6 col-lg-3 mb-2\">\n<div class=\"cardcolor d-flex flex-column\">\n\t\t\t\t\t\t\t<img decoding=\"async\" class=\"img-fluid\" src=\"https:\/\/www.lfianvers.org\/wp-content\/uploads\/2022\/10\/221010-LFIA-Classrooms-33-372x300.jpg\" width=\"\" height=\"\" alt=\"\"><\/p>\n<div class=\"text d-flex flex-column justify-content-center align-self-stretch\">\n<div class=\"title d-flex flex-column justify-content-center\">\n<h4>CP (Primary 1)<\/h4>\n<\/p><\/div>\n<p>6 years old<\/p>\n<p>\t\t\t\t<a href=\"https:\/\/www.lfianvers.org\/en\/admissions\/\" target=\"\" class=\"link\">Enrol<\/a>\n\t\t\t\t\t<\/div>\n<\/p><\/div>\n<\/p><\/div>\n<\/p><\/div>\n<\/p><\/div>\n<\/div>\n<div class=\"cardscolors cardscolors--color4\" id=\"bloc_1_12\">\n<div class=\"container\">\n<h2><span>Cours \u00c9l\u00e9mentaire<\/span><\/h2>\n<div class=\"row justify-content-center\">\n<div class=\"col-12 col-sm-6 col-lg-3 mb-2\">\n<div class=\"cardcolor d-flex flex-column\">\n\t\t\t\t\t\t\t<img decoding=\"async\" class=\"img-fluid\" src=\"https:\/\/www.lfianvers.org\/wp-content\/uploads\/2022\/10\/221010-LFIA-Classrooms-24-372x300.jpg\" width=\"\" height=\"\" alt=\"\"><\/p>\n<div class=\"text d-flex flex-column justify-content-center align-self-stretch\">\n<div class=\"title d-flex flex-column justify-content-center\">\n<h4>CE1 (Primary 2)<\/h4>\n<\/p><\/div>\n<p>7 years old<\/p>\n<p>\t\t\t\t<a href=\"https:\/\/www.lfianvers.org\/en\/admissions\/\" target=\"\" class=\"link\">Enrol<\/a>\n\t\t\t\t\t<\/div>\n<\/p><\/div>\n<\/p><\/div>\n<div class=\"col-12 col-sm-6 col-lg-3 mb-2\">\n<div class=\"cardcolor d-flex flex-column\">\n\t\t\t\t\t\t\t<img decoding=\"async\" class=\"img-fluid\" src=\"https:\/\/www.lfianvers.org\/wp-content\/uploads\/2022\/10\/221010-LFIA-Classrooms-68-372x300.jpg\" width=\"\" height=\"\" alt=\"\"><\/p>\n<div class=\"text d-flex flex-column justify-content-center align-self-stretch\">\n<div class=\"title d-flex flex-column justify-content-center\">\n<h4>CE2 (Primary 3)<\/h4>\n<\/p><\/div>\n<p>8 years old<\/p>\n<p>\t\t\t\t<a href=\"https:\/\/www.lfianvers.org\/en\/admissions\/\" target=\"\" class=\"link\">Enrol<\/a>\n\t\t\t\t\t<\/div>\n<\/p><\/div>\n<\/p><\/div>\n<\/p><\/div>\n<\/p><\/div>\n<\/div>\n<div class=\"cardscolors cardscolors--nocolor\" id=\"bloc_1_13\">\n<div class=\"container\">\n<h2><span>Cours Moyen<\/span><\/h2>\n<div class=\"row justify-content-center\">\n<div class=\"col-12 col-sm-6 col-lg-3 mb-2\">\n<div class=\"cardcolor d-flex flex-column\">\n\t\t\t\t\t\t\t<img decoding=\"async\" class=\"img-fluid\" src=\"https:\/\/www.lfianvers.org\/wp-content\/uploads\/2022\/10\/221010-LFIA-Classrooms-80-372x300.jpg\" width=\"\" height=\"\" alt=\"\"><\/p>\n<div class=\"text d-flex flex-column justify-content-center align-self-stretch\">\n<div class=\"title d-flex flex-column justify-content-center\">\n<h4>CM1 (Primary 4)<\/h4>\n<\/p><\/div>\n<p>9 years old<\/p>\n<p>\t\t\t\t<a href=\"https:\/\/www.lfianvers.org\/en\/admissions\/\" target=\"\" class=\"link\">Enrol<\/a>\n\t\t\t\t\t<\/div>\n<\/p><\/div>\n<\/p><\/div>\n<div class=\"col-12 col-sm-6 col-lg-3 mb-2\">\n<div class=\"cardcolor d-flex flex-column\">\n\t\t\t\t\t\t\t<img decoding=\"async\" class=\"img-fluid\" src=\"https:\/\/www.lfianvers.org\/wp-content\/uploads\/2022\/10\/221010-LFIA-Classrooms-82-372x300.jpg\" width=\"\" height=\"\" alt=\"\"><\/p>\n<div class=\"text d-flex flex-column justify-content-center align-self-stretch\">\n<div class=\"title d-flex flex-column justify-content-center\">\n<h4>CM2 (Primary 5)<\/h4>\n<\/p><\/div>\n<p>10 years old<\/p>\n<p>\t\t\t\t<a href=\"https:\/\/www.lfianvers.org\/en\/admissions\/\" target=\"\" class=\"link\">Enrol<\/a>\n\t\t\t\t\t<\/div>\n<\/p><\/div>\n<\/p><\/div>\n<\/p><\/div>\n<\/p><\/div>\n<\/div>\n<div class=\"bloctext bloctext--color2 bloctext--haspattern\" id=\"bloc_6_14\">\n<div class=\"container\">\n<div class=\"row\">\n<div class=\"col-12 col-lg-4 col-xl-3 mb-1\">\n<h2><span>Personalised Learning<\/span><\/h2>\n<\/p><\/div>\n<div class=\"col-12 col-lg-8 col-xl-9\">\n<div class=\"text pl-lg-4\">\n<p class=\"p1\">Elementary eduction must help all pupils succeed. Mastering the French language and basic skills (reading, writing, counting) is key, as is the learning of a second language.<br \/>\nPrimary school is where children begin to build their personality, develop their independence and learn about social life.<br \/>\nAs a French school abroad, LFIA is committed to open-mindedness towards the language and culture of the host country, and to its pupils\u2019 cultures of origin.<\/p>\n<p class=\"p2\">These are the fundamental learning years. The aim of the classes is to acquire a solid foundation in all subjects.<\/p>\n<p class=\"p3\"><b>French school programs aim to give pupils a solid knowledge and cultural base and a common set of skills. They<span class=\"Apple-converted-space\">\u00a0 <\/span>focus on 5 main areas:<\/b><\/p>\n<ul class=\"ul1\">\n<li class=\"li4\">Languages for thought and communication ;<\/li>\n<li class=\"li4\">Methods and tools for learning;<\/li>\n<li class=\"li4\">Training the individual and the citizen;<\/li>\n<li class=\"li4\">The way nature and things work;<\/li>\n<li class=\"li3\">Portraying the world and human activities.<\/li>\n<\/ul><\/div>\n<\/p><\/div>\n<\/p><\/div>\n<\/p><\/div>\n<\/div>\n<div class=\"bloctext bloctext--nocolor bloctext--haspattern\" id=\"bloc_6_15\">\n<div class=\"container\">\n<div class=\"row\">\n<div class=\"col-12 col-lg-4 col-xl-3 mb-1\">\n<h2><span>programme p\u00e9dagogique<\/span><\/h2>\n<\/p><\/div>\n<div class=\"col-12 col-lg-8 col-xl-9\">\n<div class=\"text pl-lg-4\">\n<p class=\"p1\"><b>With this in mind, our teaching syllabus has been carefully prepared, taking into account the requirements of trilingual learning, so that our students can flourish in class and develop their knowledge across a wide range of fields:<\/b><\/p>\n<ul class=\"ul1\">\n<li class=\"li2\">Children develop their logic thanks to subjects like geometry or problem solving;<\/li>\n<li class=\"li2\">Children learn to organise their ideas, prepare for the events that mark the year, and manage their own work;<\/li>\n<li class=\"li2\">We teach them the concepts of time, space and environment;<\/li>\n<li class=\"li1\">Physical education, music and art complete this important phase in the child\u2019s development.<\/li>\n<\/ul>\n<p class=\"p3\">We encourage children to be original, creative and autonomous in all their learning. They present their work on a regular basis, thereby gaining self-confidence and organisational skills. We also encourage pupils to develop their spirit of cooperation by working in small groups.<span class=\"s2\">.<\/span><\/p>\n<\/p><\/div>\n<\/p><\/div>\n<\/p><\/div>\n<\/p><\/div>\n<\/div>\n<div class=\"blocinfo blocinfo--color4\" id=\"bloc_10_16\">\n<div class=\"container\">\n<div class=\"row\">\n<div class=\"col-12 col-md-6\">\n<h2><span>Start their future today!<\/span><\/h2>\n<p>Come and meet us<\/p>\n<p>\t\t\t\t<!-- Changer la classe de couleur du bouton en fonction de la couleur g\u00e9n\u00e9rale du bloc --><\/p>\n<div class=\"bloc_cta\" >\n\t<a href=\"https:\/\/www.lfianvers.org\/en\/admissions\/\" title=\"Enrol your child\" target=\"\" class=\"mr-3 btn btn--color4\">Enrol your child<\/a> \t\t\t\t<\/div>\n<\/p><\/div>\n<\/p><\/div>\n<\/p><\/div>\n<\/div>\n","protected":false},"excerpt":{"rendered":"<p>Primary school \u00e9cole \u00e9l\u00e9mentaire du LFIA The primary school includes classes from the first to the fifth year . The [&hellip;]<\/p>\n","protected":false},"author":18,"featured_media":0,"parent":9776,"menu_order":14,"comment_status":"closed","ping_status":"closed","template":"","meta":{"_acf_changed":false,"kdcopypost-origin-url":"","kdcopypost-origin-id":"","footnotes":""},"class_list":["post-9801","page","type-page","status-publish","hentry"],"acf":[],"yoast_head":"<!-- This site is optimized with the Yoast SEO plugin v27.4 - https:\/\/yoast.com\/product\/yoast-seo-wordpress\/ -->\n<title>Primary school - LFI Anvers<\/title>\n<meta name=\"robots\" content=\"index, follow, max-snippet:-1, max-image-preview:large, max-video-preview:-1\" \/>\n<link rel=\"canonical\" href=\"https:\/\/www.lfianvers.org\/en\/school-curriculum\/primary-school\/\" \/>\n<meta property=\"og:locale\" content=\"en_US\" \/>\n<meta property=\"og:type\" content=\"article\" \/>\n<meta property=\"og:title\" content=\"Primary school - LFI Anvers\" \/>\n<meta property=\"og:description\" content=\"Primary school \u00e9cole \u00e9l\u00e9mentaire du LFIA The primary school includes classes from the first to the fifth year . The [&hellip;]\" \/>\n<meta property=\"og:url\" content=\"https:\/\/www.lfianvers.org\/en\/school-curriculum\/primary-school\/\" \/>\n<meta property=\"og:site_name\" content=\"LFI Anvers\" \/>\n<meta property=\"article:modified_time\" content=\"2026-03-20T10:42:04+00:00\" \/>\n<meta property=\"og:image\" content=\"https:\/\/www.lfianvers.org\/wp-content\/uploads\/2022\/10\/221010-LFIA-Classrooms-33-372x300.jpg\" \/>\n<meta name=\"twitter:card\" content=\"summary_large_image\" \/>\n<meta name=\"twitter:label1\" content=\"Est. reading time\" \/>\n\t<meta name=\"twitter:data1\" content=\"7 minutes\" \/>\n<script type=\"application\/ld+json\" class=\"yoast-schema-graph\">{\"@context\":\"https:\\\/\\\/schema.org\",\"@graph\":[{\"@type\":\"WebPage\",\"@id\":\"https:\\\/\\\/www.lfianvers.org\\\/en\\\/school-curriculum\\\/primary-school\\\/\",\"url\":\"https:\\\/\\\/www.lfianvers.org\\\/en\\\/school-curriculum\\\/primary-school\\\/\",\"name\":\"Primary school - LFI Anvers\",\"isPartOf\":{\"@id\":\"https:\\\/\\\/www.lfianvers.org\\\/en\\\/#website\"},\"primaryImageOfPage\":{\"@id\":\"https:\\\/\\\/www.lfianvers.org\\\/en\\\/school-curriculum\\\/primary-school\\\/#primaryimage\"},\"image\":{\"@id\":\"https:\\\/\\\/www.lfianvers.org\\\/en\\\/school-curriculum\\\/primary-school\\\/#primaryimage\"},\"thumbnailUrl\":\"https:\\\/\\\/www.lfianvers.org\\\/wp-content\\\/uploads\\\/2022\\\/10\\\/221010-LFIA-Classrooms-33-372x300.jpg\",\"datePublished\":\"2022-10-04T12:43:45+00:00\",\"dateModified\":\"2026-03-20T10:42:04+00:00\",\"breadcrumb\":{\"@id\":\"https:\\\/\\\/www.lfianvers.org\\\/en\\\/school-curriculum\\\/primary-school\\\/#breadcrumb\"},\"inLanguage\":\"en-US\",\"potentialAction\":[{\"@type\":\"ReadAction\",\"target\":[\"https:\\\/\\\/www.lfianvers.org\\\/en\\\/school-curriculum\\\/primary-school\\\/\"]}]},{\"@type\":\"ImageObject\",\"inLanguage\":\"en-US\",\"@id\":\"https:\\\/\\\/www.lfianvers.org\\\/en\\\/school-curriculum\\\/primary-school\\\/#primaryimage\",\"url\":\"https:\\\/\\\/www.lfianvers.org\\\/wp-content\\\/uploads\\\/2022\\\/10\\\/221010-LFIA-Classrooms-33-372x300.jpg\",\"contentUrl\":\"https:\\\/\\\/www.lfianvers.org\\\/wp-content\\\/uploads\\\/2022\\\/10\\\/221010-LFIA-Classrooms-33-372x300.jpg\"},{\"@type\":\"BreadcrumbList\",\"@id\":\"https:\\\/\\\/www.lfianvers.org\\\/en\\\/school-curriculum\\\/primary-school\\\/#breadcrumb\",\"itemListElement\":[{\"@type\":\"ListItem\",\"position\":1,\"name\":\"Accueil\",\"item\":\"https:\\\/\\\/www.lfianvers.org\\\/en\\\/\"},{\"@type\":\"ListItem\",\"position\":2,\"name\":\"School curriculum\",\"item\":\"https:\\\/\\\/www.lfianvers.org\\\/en\\\/school-curriculum\\\/\"},{\"@type\":\"ListItem\",\"position\":3,\"name\":\"Primary school\"}]},{\"@type\":\"WebSite\",\"@id\":\"https:\\\/\\\/www.lfianvers.org\\\/en\\\/#website\",\"url\":\"https:\\\/\\\/www.lfianvers.org\\\/en\\\/\",\"name\":\"LFI Anvers\",\"description\":\"LFI Anvers\",\"potentialAction\":[{\"@type\":\"SearchAction\",\"target\":{\"@type\":\"EntryPoint\",\"urlTemplate\":\"https:\\\/\\\/www.lfianvers.org\\\/en\\\/?s={search_term_string}\"},\"query-input\":{\"@type\":\"PropertyValueSpecification\",\"valueRequired\":true,\"valueName\":\"search_term_string\"}}],\"inLanguage\":\"en-US\"}]}<\/script>\n<!-- \/ Yoast SEO plugin. -->","yoast_head_json":{"title":"Primary school - LFI Anvers","robots":{"index":"index","follow":"follow","max-snippet":"max-snippet:-1","max-image-preview":"max-image-preview:large","max-video-preview":"max-video-preview:-1"},"canonical":"https:\/\/www.lfianvers.org\/en\/school-curriculum\/primary-school\/","og_locale":"en_US","og_type":"article","og_title":"Primary school - LFI Anvers","og_description":"Primary school \u00e9cole \u00e9l\u00e9mentaire du LFIA The primary school includes classes from the first to the fifth year . The [&hellip;]","og_url":"https:\/\/www.lfianvers.org\/en\/school-curriculum\/primary-school\/","og_site_name":"LFI Anvers","article_modified_time":"2026-03-20T10:42:04+00:00","og_image":[{"url":"https:\/\/www.lfianvers.org\/wp-content\/uploads\/2022\/10\/221010-LFIA-Classrooms-33-372x300.jpg","type":"","width":"","height":""}],"twitter_card":"summary_large_image","twitter_misc":{"Est. reading time":"7 minutes"},"schema":{"@context":"https:\/\/schema.org","@graph":[{"@type":"WebPage","@id":"https:\/\/www.lfianvers.org\/en\/school-curriculum\/primary-school\/","url":"https:\/\/www.lfianvers.org\/en\/school-curriculum\/primary-school\/","name":"Primary school - LFI Anvers","isPartOf":{"@id":"https:\/\/www.lfianvers.org\/en\/#website"},"primaryImageOfPage":{"@id":"https:\/\/www.lfianvers.org\/en\/school-curriculum\/primary-school\/#primaryimage"},"image":{"@id":"https:\/\/www.lfianvers.org\/en\/school-curriculum\/primary-school\/#primaryimage"},"thumbnailUrl":"https:\/\/www.lfianvers.org\/wp-content\/uploads\/2022\/10\/221010-LFIA-Classrooms-33-372x300.jpg","datePublished":"2022-10-04T12:43:45+00:00","dateModified":"2026-03-20T10:42:04+00:00","breadcrumb":{"@id":"https:\/\/www.lfianvers.org\/en\/school-curriculum\/primary-school\/#breadcrumb"},"inLanguage":"en-US","potentialAction":[{"@type":"ReadAction","target":["https:\/\/www.lfianvers.org\/en\/school-curriculum\/primary-school\/"]}]},{"@type":"ImageObject","inLanguage":"en-US","@id":"https:\/\/www.lfianvers.org\/en\/school-curriculum\/primary-school\/#primaryimage","url":"https:\/\/www.lfianvers.org\/wp-content\/uploads\/2022\/10\/221010-LFIA-Classrooms-33-372x300.jpg","contentUrl":"https:\/\/www.lfianvers.org\/wp-content\/uploads\/2022\/10\/221010-LFIA-Classrooms-33-372x300.jpg"},{"@type":"BreadcrumbList","@id":"https:\/\/www.lfianvers.org\/en\/school-curriculum\/primary-school\/#breadcrumb","itemListElement":[{"@type":"ListItem","position":1,"name":"Accueil","item":"https:\/\/www.lfianvers.org\/en\/"},{"@type":"ListItem","position":2,"name":"School curriculum","item":"https:\/\/www.lfianvers.org\/en\/school-curriculum\/"},{"@type":"ListItem","position":3,"name":"Primary school"}]},{"@type":"WebSite","@id":"https:\/\/www.lfianvers.org\/en\/#website","url":"https:\/\/www.lfianvers.org\/en\/","name":"LFI Anvers","description":"LFI Anvers","potentialAction":[{"@type":"SearchAction","target":{"@type":"EntryPoint","urlTemplate":"https:\/\/www.lfianvers.org\/en\/?s={search_term_string}"},"query-input":{"@type":"PropertyValueSpecification","valueRequired":true,"valueName":"search_term_string"}}],"inLanguage":"en-US"}]}},"_links":{"self":[{"href":"https:\/\/www.lfianvers.org\/en\/wp-json\/wp\/v2\/pages\/9801","targetHints":{"allow":["GET"]}}],"collection":[{"href":"https:\/\/www.lfianvers.org\/en\/wp-json\/wp\/v2\/pages"}],"about":[{"href":"https:\/\/www.lfianvers.org\/en\/wp-json\/wp\/v2\/types\/page"}],"author":[{"embeddable":true,"href":"https:\/\/www.lfianvers.org\/en\/wp-json\/wp\/v2\/users\/18"}],"replies":[{"embeddable":true,"href":"https:\/\/www.lfianvers.org\/en\/wp-json\/wp\/v2\/comments?post=9801"}],"version-history":[{"count":13,"href":"https:\/\/www.lfianvers.org\/en\/wp-json\/wp\/v2\/pages\/9801\/revisions"}],"predecessor-version":[{"id":15422,"href":"https:\/\/www.lfianvers.org\/en\/wp-json\/wp\/v2\/pages\/9801\/revisions\/15422"}],"up":[{"embeddable":true,"href":"https:\/\/www.lfianvers.org\/en\/wp-json\/wp\/v2\/pages\/9776"}],"wp:attachment":[{"href":"https:\/\/www.lfianvers.org\/en\/wp-json\/wp\/v2\/media?parent=9801"}],"curies":[{"name":"wp","href":"https:\/\/api.w.org\/{rel}","templated":true}]}}